{"id":19185,"date":"2021-02-18T17:42:55","date_gmt":"2021-02-18T17:42:55","guid":{"rendered":"https:\/\/ebabyusa.net\/ebaby-peru\/?page_id=19185"},"modified":"2021-02-18T17:48:17","modified_gmt":"2021-02-18T17:48:17","slug":"cambios-y-devoluciones","status":"publish","type":"page","link":"https:\/\/ebabyusa.net\/ebaby-peru\/cambios-y-devoluciones\/","title":{"rendered":"Cambios y devoluciones"},"content":{"rendered":"\t\t<div data-elementor-type=\"wp-page\" data-elementor-id=\"19185\" class=\"elementor elementor-19185\" data-elementor-post-type=\"page\">\n\t\t\t\t\t\t<section class=\"elementor-section elementor-top-section elementor-element elementor-element-0f71a59 elementor-section-boxed elementor-section-height-default elementor-section-height-default wd-section-disabled\" data-id=\"0f71a59\" data-element_type=\"section\" data-e-type=\"section\">\n\t\t\t\t\t\t<div class=\"elementor-container elementor-column-gap-default\">\n\t\t\t\t\t<div class=\"elementor-column elementor-col-100 elementor-top-column elementor-element elementor-element-6370889\" data-id=\"6370889\" data-element_type=\"column\" data-e-type=\"column\">\n\t\t\t<div class=\"elementor-widget-wrap elementor-element-populated\">\n\t\t\t\t\t\t<div class=\"elementor-element elementor-element-6368261 color-scheme-inherit text-left elementor-widget elementor-widget-text-editor\" data-id=\"6368261\" data-element_type=\"widget\" data-e-type=\"widget\" data-widget_type=\"text-editor.default\">\n\t\t\t\t<div class=\"elementor-widget-container\">\n\t\t\t\t\t\t\t\t\t<h2 style=\"text-align: center;\"><strong>POLITICA DE CAMBIOS Y DEVOLUCIONES<\/strong><\/h2><p>En Ebaby estamos comprometidos en ofrecerte productos y\/o servicios de calidad al igual que una experiencia de compra satisfactoria a trav\u00e9s de nuestra WEB. En la presente Pol\u00edtica de Cambios y Devoluciones podr\u00e1s encontrar las condiciones para ejercer el derecho a un cambio o una devoluci\u00f3n y \u00e9stas deber\u00e1n cumplirse a sin excepci\u00f3n. Cada solicitud ser\u00e1 atendida y respondida por nuestro equipo. Esta pol\u00edtica podr\u00e1 varias peri\u00f3dicamente sin previo aviso a fin de mejorar los procesos y la respuesta a cada una de las solicitudes, es por ello que recomendamos que cada vez que ingreses, los consultes cuidadosamente ya que el solo ingreso a nuestra WEB se entiende como aceptaci\u00f3n de todo lo expuesto en cada uno de los t\u00e9rminos, condiciones y pol\u00edticas.<\/p><p>Tambi\u00e9n podr\u00e1n modificarse en la WEB cualquier informaci\u00f3n relacionada a productos, servicios, precios, stock, promociones as\u00ed como realizar revisiones de mantenimiento, mejora y desarrollo de nuevos espacios y\/o secciones en cualquier momento y sin previo aviso; trabajaremos para no interrumpir el servicio y si as\u00ed fuese, realizarlo en el menor tiempo posible.<\/p><p><strong>\u00a0<\/strong><\/p><h4><strong>Cambios\/Devoluciones<\/strong><\/h4><p>Todo cambio o devoluci\u00f3n deber\u00e1 solicitarse dentro de los diez (10) d\u00edas calendarios contados a partir de la recepci\u00f3n del producto y\/o servicio. Transcurrido el plazo para realizar una solicitud, el cliente solo podr\u00e1 hacer uso de la garant\u00eda de f\u00e1brica <strong>(Ver T\u00e9rminos y Condiciones en el punto GARANT\u00cdA). <\/strong>El cliente debe tomar en cuenta las causas admisibles para un cambio o una devoluci\u00f3n, \u00e9stas son las siguientes:<\/p><p><em>Cambios<\/em><\/p><ul><li>Cambio de color: el cliente deber\u00e1 solicitar el cambio dentro de los diez (10) d\u00edas calendarios contados a partir de la recepci\u00f3n del producto. Para realizar la solicitud el cliente debe cumplir con las siguientes condiciones:<ol><li>El producto debe estar sin uso en buen estado y con sus accesorios completos. Sin se\u00f1ales da\u00f1os f\u00edsicos, precintos de seguridad alterados. No debe estar deteriorado o presentar manipulaciones que afecten su condici\u00f3n de nuevo.<\/li><li>El producto debe estar con el empaque original y etiquetas originales. El empaque deber\u00e1 estar en \u00f3ptimo estado, sin abolladuras, roturas o adhesivos que generen da\u00f1o al momento de retirarlos<\/li><li>Deber\u00e1 presentar su documento de identidad DNI, Pasaporte (PAS) y Carnet de Extranjer\u00eda (CE). El documento debe ser el mismo que emple\u00f3 al momento de realizar su compra en la WEB.<\/li><li>Presentar el producto junto a su gu\u00eda de remisi\u00f3n Ebaby, boleta o factura de venta. Si el comprobante de pago fue emitido v\u00eda electr\u00f3nica, debe contar con el n\u00famero de su comprobante.<\/li><li>Registrar su solicitud a trav\u00e9s del correo electr\u00f3nico descrito en la WEB Ebaby.<\/li><li>Asistir en la fecha y hora asignada al almac\u00e9n para la revisi\u00f3n t\u00e9cnica del producto y posterior cambio.<\/li><li>En caso de no poder asistir con el producto, Ebaby podr\u00e1 gestionar el recojo del producto a cambiar y el producto del color seleccionado para cambio en un plazo no mayor a 10 d\u00edas h\u00e1biles adicionales al tiempo estimado de entrega al destino del cliente. El cliente deber\u00e1 abonar en la cuenta de Ebaby el monto por concepto de recojo y env\u00edo; el plazo para el cambio y el tiempo estimado de entrega depender\u00e1 de la validaci\u00f3n del abono del monto de recojo y env\u00edo.<\/li><\/ol><\/li><\/ul><p>El personal del transporte que recoger\u00e1 el producto no se encuentra autorizado bajo ninguna circunstancia a revisar y\/o manipular el producto, su \u00fanica funci\u00f3n ser\u00e1 la de recoger el producto antiguo y entregar el seleccionado. El producto deber\u00e1 encontrarse en el primer piso del domicilio u oficina.<\/p><p>Ebaby podr\u00e1 invalidar la solicitud de cambio cuando algunas de las condiciones descritas anteriormente no se cumpliesen, incluso si fuese programado el recojo y env\u00edo y el cliente no cumpliera con las condiciones a, b, c y\/o d; sin lugar a reclamo. Para el anterior supuesto, Ebaby extornar\u00e1 el monto abonado por el cliente en los mismos datos y medio de pago empleado para el abono.<\/p><p>Asimismo, Ebaby no se compromete a reservar stock de productos para cambios totales o parciales para ninguno de los supuestos.<\/p><ul><li>Cambio de modelo o tipo de producto: el cliente deber\u00e1 solicitar el cambio dentro de los diez (10) d\u00edas calendarios contados a partir de la recepci\u00f3n del producto. Para realizar la solicitud el cliente debe cumplir con las siguientes condiciones:<ol><li>El producto debe estar sin uso en buen estado y con sus accesorios completos. Sin se\u00f1ales da\u00f1os f\u00edsicos, precintos de seguridad alterados. No debe estar deteriorado o presentar manipulaciones que afecten su condici\u00f3n de nuevo.<\/li><li>El producto debe estar con el empaque original y etiquetas originales. El empaque deber\u00e1 estar en \u00f3ptimo estado, sin abolladuras, roturas o adhesivos que generen da\u00f1o al momento de retirarlos.<\/li><li>Deber\u00e1 presentar su documento de identidad DNI, Pasaporte (PAS) y Carnet de Extranjer\u00eda (CE). El documento debe ser el mismo que emple\u00f3 al momento de realizar su compra.<\/li><li>Presentar el producto junto a su gu\u00eda de remisi\u00f3n, boleta o factura de venta. Si el comprobante de pago fue emitido v\u00eda electr\u00f3nica, debe contar con el n\u00famero de su comprobante.<\/li><li>Registrar su solicitud a trav\u00e9s del correo electr\u00f3nico descrito en la WEB.<\/li><li>Asistir en la fecha y hora asignada al almac\u00e9n para la revisi\u00f3n t\u00e9cnica del producto y posterior cambio.<\/li><li>En caso de no poder asistir con el producto, Ebaby podr\u00e1 gestionar el recojo del producto a cambiar y el producto nuevo seleccionado para cambio en un plazo no mayor a 10 d\u00edas h\u00e1biles adicionales al tiempo estimado de entrega al destino del cliente. El cliente deber\u00e1 abonar en la cuenta de Ebaby el monto por concepto de recojo y env\u00edo; el plazo para el cambio y el tiempo estimado de entrega depender\u00e1 de la validaci\u00f3n del abono del monto de recojo y env\u00edo.<\/li><\/ol><\/li><\/ul><p>El personal del transporte que recoger\u00e1 el producto no se encuentra autorizado bajo ninguna circunstancia a revisar y\/o manipular el producto, su \u00fanica funci\u00f3n ser\u00e1 la de recoger el producto antiguo y entregar el seleccionado. El producto deber\u00e1 encontrarse en el primer piso del domicilio u oficina.<\/p><p>Ebaby podr\u00e1 invalidar la solicitud de cambio cuando algunas de las condiciones descritas anteriormente no se cumpliesen, incluso si fuese programado el recojo y env\u00edo y el cliente no cumpliera con las condiciones a, b, c y\/o d; sin lugar a reclamo. Para el anterior supuesto, Ebaby extornar\u00e1 el monto abonado por el cliente en los mismos datos y medio de pago empleado para el abono.<\/p><p>Asimismo, Ebaby no se compromete a reservar stock de productos para cambios totales o parciales para ninguno de los supuestos.<\/p><ol><li>Si el producto o modelo seleccionado por el cliente fuese de mayor valor\/importe deber\u00e1 abonar el monto restante para proceder con las condiciones. Se tomar\u00e1 como referencia el precio de venta al p\u00fablico vigente a la fecha de la aprobaci\u00f3n de la solicitud.<\/li><\/ol><p>No es posible realizar cambios de ning\u00fan tipo a productos adquiridos a terceros. \u00a0Todos los supuestos no expuestos para cambio, quedan inv\u00e1lidos e inadmisibles para solicitar cambios de cambio de opini\u00f3n, error de selecci\u00f3n de producto y\/o color o de su misma naturaleza.<\/p><p>\u00a0<\/p><p><em>Devoluciones<\/em><\/p><ul><li>Devoluci\u00f3n por color: si el cliente recibiese un color distinto al seleccionado al momento de su compra y desea devolver el producto deber\u00e1 solicitar la devoluci\u00f3n dentro de los diez (10) d\u00edas calendarios contados a partir de la recepci\u00f3n del producto. Para realizar la solicitud el cliente debe cumplir con las siguientes condiciones:<ol><li>Registrar su solicitud a trav\u00e9s del correo electr\u00f3nico descrito en la WEB.<\/li><li>Presentar el producto junto a su gu\u00eda de remisi\u00f3n, boleta o factura de venta. Si el comprobante de pago fue emitido v\u00eda electr\u00f3nica, debe contar con el n\u00famero de su comprobante.<\/li><li>Asistir en la fecha y hora asignada al almac\u00e9n para la revisi\u00f3n t\u00e9cnica del producto.<\/li><li>El producto debe estar sin uso en buen estado y con sus accesorios completos. Sin se\u00f1ales da\u00f1os f\u00edsicos, precintos de seguridad alterados. No debe estar deteriorado o presentar manipulaciones que afecten su condici\u00f3n de nuevo.<\/li><li>El producto debe estar con el empaque original y etiquetas originales. El empaque deber\u00e1 estar en \u00f3ptimo estado, sin abolladuras, roturas o adhesivos que generen da\u00f1o al momento de retirarlos.<\/li><li>Deber\u00e1 presentar su documento de identidad DNI, Pasaporte (PAS) y Carnet de Extranjer\u00eda (CE). El documento debe ser el mismo que emple\u00f3 al momento de realizar su compra.<\/li><li>En caso de no poder asistir con el producto, Ebaby podr\u00e1 gestionar el recojo del producto en un plazo no mayor a 10 d\u00edas h\u00e1biles adicionales al tiempo estimado de entrega al destino del cliente. El cliente deber\u00e1 abonar en la cuenta de Ebaby el monto por concepto de recojo; el plazo para la devoluci\u00f3n depender\u00e1 de la validaci\u00f3n del abono del monto de recojo y env\u00edo.<\/li><\/ol><\/li><\/ul><p>El personal del transporte que recoger\u00e1 el producto no se encuentra autorizado bajo ninguna circunstancia a revisar y\/o manipular el producto, su \u00fanica funci\u00f3n ser\u00e1 la de recoger el producto. El producto deber\u00e1 encontrarse en el primer piso del domicilio u oficina.<\/p><p>Ebaby podr\u00e1 invalidar la solicitud de devoluci\u00f3n cuando algunas de las condiciones descritas anteriormente no se cumpliesen, sin lugar a reclamo.<\/p><p>Ebaby s\u00f3lo devolver\u00e1 el importe pagado a raz\u00f3n del producto, no se realizar\u00e1n reembolso por gastos de env\u00edo ni ning\u00fan otro servicio relacionado al pedido.<\/p><ul><li>Devoluci\u00f3n por desistir de la compra o inconformidad del producto: si el cliente no se encontrase conforme con el producto, realiz\u00f3 la compra por error, accidentalmente o desiste de la compra deber\u00e1 solicitar la devoluci\u00f3n dentro de los diez (10) d\u00edas calendarios contados a partir de la recepci\u00f3n del producto. Para realizar la solicitud el cliente debe cumplir con las siguientes condiciones:<ol><li>Registrar su solicitud a trav\u00e9s del correo electr\u00f3nico descrito en la WEB.<\/li><li>Presentar el producto junto a su gu\u00eda de remisi\u00f3n, boleta o factura de venta. Si el comprobante de pago fue emitido v\u00eda electr\u00f3nica, debe contar con el n\u00famero de su comprobante.<\/li><li>Asistir en la fecha y hora asignada al almac\u00e9n para la revisi\u00f3n t\u00e9cnica del producto.<\/li><li>El producto debe estar sin uso en buen estado y con sus accesorios completos. Sin se\u00f1ales da\u00f1os f\u00edsicos, precintos de seguridad alterados. No debe estar deteriorado o presentar manipulaciones que afecten su condici\u00f3n de nuevo.<\/li><li>El producto debe estar con el empaque original y etiquetas originales. El empaque deber\u00e1 estar en \u00f3ptimo estado, sin abolladuras, roturas o adhesivos que generen da\u00f1o al momento de retirarlos.<\/li><li>Deber\u00e1 presentar su documento de identidad DNI, Pasaporte (PAS) y Carnet de Extranjer\u00eda (CE). El documento debe ser el mismo que emple\u00f3 al momento de realizar su compra.<\/li><li>En caso de no poder asistir con el producto, Ebaby podr\u00e1 gestionar el recojo del producto en un plazo no mayor a 10 d\u00edas h\u00e1biles adicionales al tiempo estimado de entrega al destino del cliente. El cliente deber\u00e1 abonar en la cuenta de Ebaby el monto por concepto de recojo; el plazo para la devoluci\u00f3n depender\u00e1 de la validaci\u00f3n del abono del monto de recojo.<\/li><\/ol><\/li><\/ul><p>El personal del transporte que recoger\u00e1 el producto no se encuentra autorizado bajo ninguna circunstancia a revisar y\/o manipular el producto, su \u00fanica funci\u00f3n ser\u00e1 la de recoger el producto. El producto deber\u00e1 encontrarse en el primer piso del domicilio u oficina.<\/p><p>Ebaby podr\u00e1 invalidar la solicitud de devoluci\u00f3n cuando algunas de las condiciones descritas anteriormente no se cumpliesen, sin lugar a reclamo.<\/p><p>Ebaby s\u00f3lo devolver\u00e1 el importe pagado a raz\u00f3n del producto, no se realizar\u00e1n reembolso por gastos de env\u00edo ni ning\u00fan otro servicio relacionado al pedido.<\/p><ul><li>Devoluci\u00f3n por falla de productos, falta de piezas o accesorios: si el cliente observara una falla en el producto, producto defectuoso, empaque roto o en mal estado, o la falta de piezas de podr\u00e1 solicitar la devoluci\u00f3n dentro de los diez (10) d\u00edas calendarios contados a partir de la recepci\u00f3n del producto. Para realizar la solicitud el cliente debe cumplir con las siguientes condiciones:<ol><li>Registrar su solicitud a trav\u00e9s del correo electr\u00f3nico descrito en la WEB.<\/li><li>Presentar el producto junto a su gu\u00eda de remisi\u00f3n, boleta o factura de venta. Si el comprobante de pago fue emitido v\u00eda electr\u00f3nica, debe contar con el n\u00famero de su comprobante.<\/li><li>Asistir en la fecha y hora asignada al almac\u00e9n para la revisi\u00f3n t\u00e9cnica del producto.<\/li><li>El producto debe estar sin uso en buen estado y con sus accesorios completos. Sin se\u00f1ales da\u00f1os f\u00edsicos, precintos de seguridad alterados. No debe estar deteriorado o presentar manipulaciones que afecten su condici\u00f3n de nuevo.<\/li><li>El producto debe estar con el empaque original y etiquetas originales. El empaque deber\u00e1 estar en \u00f3ptimo estado, sin abolladuras, roturas o adhesivos que generen da\u00f1o al momento de retirarlos.<\/li><li>Deber\u00e1 presentar su documento de identidad DNI, Pasaporte (PAS) y Carnet de Extranjer\u00eda (CE). El documento debe ser el mismo que emple\u00f3 al momento de realizar su compra.<\/li><li>En caso de no poder asistir con el producto, Ebaby podr\u00e1 gestionar el recojo del producto a cambiar y el producto nuevo seleccionado para cambio en un plazo no mayor a 10 d\u00edas h\u00e1biles adicionales al tiempo estimado de entrega al destino del cliente. El cliente deber\u00e1 abonar en la cuenta de Ebaby el monto por concepto de recojo; el plazo para la devoluci\u00f3n depender\u00e1 de la validaci\u00f3n del abono del monto de recojo y env\u00edo.<\/li><\/ol><\/li><\/ul><p>El personal del transporte que recoger\u00e1 el producto no se encuentra autorizado bajo ninguna circunstancia a revisar y\/o manipular el producto, su \u00fanica funci\u00f3n ser\u00e1 la de recoger el producto. El producto deber\u00e1 encontrarse en el primer piso del domicilio u oficina.<\/p><p>Ebaby podr\u00e1 invalidar la solicitud de devoluci\u00f3n cuando algunas de las condiciones descritas anteriormente no se cumpliesen, sin lugar a reclamo.<\/p><p>Ebaby s\u00f3lo devolver\u00e1 el importe pagado a raz\u00f3n del producto, no se realizar\u00e1n reembolso por gastos de env\u00edo ni ning\u00fan otro servicio relacionado al pedido.<\/p><p>Tanto para los cambios como para las devoluciones no se aceptar\u00e1n por \u201ccambio de opini\u00f3n o cambio de parecer\u201d.<\/p><p>De los casos excepcionales<\/p><ul><li>Pedido sin entregar: si el pedido a\u00fan no fue recibido o se encuentra en ruta y fuera del almac\u00e9n Ebaby, y el cliente decidiese detener el despacho podr\u00e1 solicitar la anulaci\u00f3n del pedido y solicitar la devoluci\u00f3n del dinero. El monto de la devoluci\u00f3n no contemplar\u00e1 los gastos del env\u00edo, sin excepci\u00f3n alguna ni opci\u00f3n a reclamo. <strong>(Consultar T\u00e9rminos y Condiciones \u201cm\u00e9todo de pago\u201d)<\/strong><\/li><\/ul>\t\t\t\t\t\t\t\t<\/div>\n\t\t\t\t<\/div>\n\t\t\t\t\t<\/div>\n\t\t<\/div>\n\t\t\t\t\t<\/div>\n\t\t<\/section>\n\t\t\t\t<\/div>\n\t\t","protected":false},"excerpt":{"rendered":"<p>POLITICA DE CAMBIOS Y DEVOLUCIONES En Ebaby estamos comprometidos en ofrecerte productos y\/o servicios de calidad al igual que una<\/p>\n","protected":false},"author":1498,"featured_media":0,"parent":0,"menu_order":0,"comment_status":"closed","ping_status":"closed","template":"","meta":{"footnotes":""},"class_list":["post-19185","page","type-page","status-publish","hentry"],"yoast_head":"<!-- This site is optimized with the Yoast SEO plugin v27.5 - https:\/\/yoast.com\/product\/yoast-seo-wordpress\/ -->\n<title>Cambios y devoluciones - Ebaby Peru<\/title>\n<meta name=\"description\" content=\"En Ebaby encuentras productos para tu beb\u00e9. Conoce todos los modelos de coche, cuna, triciclos, andadores, ba\u00f1eras y m\u00e1s.\" \/>\n<meta name=\"robots\" content=\"index, follow, max-snippet:-1, max-image-preview:large, max-video-preview:-1\" \/>\n<link rel=\"canonical\" href=\"https:\/\/ebabyusa.net\/ebaby-peru\/cambios-y-devoluciones\/\" \/>\n<meta property=\"og:locale\" content=\"es_ES\" \/>\n<meta property=\"og:type\" content=\"article\" \/>\n<meta property=\"og:title\" content=\"Cambios y devoluciones - Ebaby Peru\" \/>\n<meta property=\"og:description\" content=\"En Ebaby encuentras productos para tu beb\u00e9. Conoce todos los modelos de coche, cuna, triciclos, andadores, ba\u00f1eras y m\u00e1s.\" \/>\n<meta property=\"og:url\" content=\"https:\/\/ebabyusa.net\/ebaby-peru\/cambios-y-devoluciones\/\" \/>\n<meta property=\"og:site_name\" content=\"Ebaby Peru\" \/>\n<meta property=\"article:publisher\" content=\"https:\/\/www.facebook.com\/ebabyperu\" \/>\n<meta property=\"article:modified_time\" content=\"2021-02-18T17:48:17+00:00\" \/>\n<meta name=\"twitter:card\" content=\"summary_large_image\" \/>\n<meta name=\"twitter:label1\" content=\"Tiempo de lectura\" \/>\n\t<meta name=\"twitter:data1\" content=\"11 minutos\" \/>\n<script type=\"application\/ld+json\" class=\"yoast-schema-graph\">{\"@context\":\"https:\\\/\\\/schema.org\",\"@graph\":[{\"@type\":\"WebPage\",\"@id\":\"https:\\\/\\\/ebabyusa.net\\\/ebaby-peru\\\/cambios-y-devoluciones\\\/\",\"url\":\"https:\\\/\\\/ebabyusa.net\\\/ebaby-peru\\\/cambios-y-devoluciones\\\/\",\"name\":\"Cambios y devoluciones - Ebaby Peru\",\"isPartOf\":{\"@id\":\"https:\\\/\\\/ebabyusa.net\\\/ebaby-peru\\\/#website\"},\"datePublished\":\"2021-02-18T17:42:55+00:00\",\"dateModified\":\"2021-02-18T17:48:17+00:00\",\"description\":\"En Ebaby encuentras productos para tu beb\u00e9. Conoce todos los modelos de coche, cuna, triciclos, andadores, ba\u00f1eras y m\u00e1s.\",\"breadcrumb\":{\"@id\":\"https:\\\/\\\/ebabyusa.net\\\/ebaby-peru\\\/cambios-y-devoluciones\\\/#breadcrumb\"},\"inLanguage\":\"es\",\"potentialAction\":[{\"@type\":\"ReadAction\",\"target\":[\"https:\\\/\\\/ebabyusa.net\\\/ebaby-peru\\\/cambios-y-devoluciones\\\/\"]}]},{\"@type\":\"BreadcrumbList\",\"@id\":\"https:\\\/\\\/ebabyusa.net\\\/ebaby-peru\\\/cambios-y-devoluciones\\\/#breadcrumb\",\"itemListElement\":[{\"@type\":\"ListItem\",\"position\":1,\"name\":\"Portada\",\"item\":\"https:\\\/\\\/ebabyusa.net\\\/ebaby-peru\\\/\"},{\"@type\":\"ListItem\",\"position\":2,\"name\":\"Cambios y devoluciones\"}]},{\"@type\":\"WebSite\",\"@id\":\"https:\\\/\\\/ebabyusa.net\\\/ebaby-peru\\\/#website\",\"url\":\"https:\\\/\\\/ebabyusa.net\\\/ebaby-peru\\\/\",\"name\":\"Ebaby Peru\",\"description\":\"En Ebaby encuentras productos para tu beb\u00e9. Conoce todos los modelos de coche, cuna, triciclos, andadores, ba\u00f1eras y m\u00e1s.\",\"publisher\":{\"@id\":\"https:\\\/\\\/ebabyusa.net\\\/ebaby-peru\\\/#organization\"},\"potentialAction\":[{\"@type\":\"SearchAction\",\"target\":{\"@type\":\"EntryPoint\",\"urlTemplate\":\"https:\\\/\\\/ebabyusa.net\\\/ebaby-peru\\\/?s={search_term_string}\"},\"query-input\":{\"@type\":\"PropertyValueSpecification\",\"valueRequired\":true,\"valueName\":\"search_term_string\"}}],\"inLanguage\":\"es\"},{\"@type\":\"Organization\",\"@id\":\"https:\\\/\\\/ebabyusa.net\\\/ebaby-peru\\\/#organization\",\"name\":\"Ebaby\",\"url\":\"https:\\\/\\\/ebabyusa.net\\\/ebaby-peru\\\/\",\"logo\":{\"@type\":\"ImageObject\",\"inLanguage\":\"es\",\"@id\":\"https:\\\/\\\/ebabyusa.net\\\/ebaby-peru\\\/#\\\/schema\\\/logo\\\/image\\\/\",\"url\":\"https:\\\/\\\/ebabyusa.net\\\/ebaby-peru\\\/wp-content\\\/uploads\\\/2020\\\/11\\\/cropped-HOME-25.png\",\"contentUrl\":\"https:\\\/\\\/ebabyusa.net\\\/ebaby-peru\\\/wp-content\\\/uploads\\\/2020\\\/11\\\/cropped-HOME-25.png\",\"width\":512,\"height\":512,\"caption\":\"Ebaby\"},\"image\":{\"@id\":\"https:\\\/\\\/ebabyusa.net\\\/ebaby-peru\\\/#\\\/schema\\\/logo\\\/image\\\/\"},\"sameAs\":[\"https:\\\/\\\/www.facebook.com\\\/ebabyperu\",\"https:\\\/\\\/www.instagram.com\\\/ebaby_peru\",\"https:\\\/\\\/www.youtube.com\\\/ebabychannel\"]}]}<\/script>\n<!-- \/ Yoast SEO plugin. -->","yoast_head_json":{"title":"Cambios y devoluciones - Ebaby Peru","description":"En Ebaby encuentras productos para tu beb\u00e9. Conoce todos los modelos de coche, cuna, triciclos, andadores, ba\u00f1eras y m\u00e1s.","robots":{"index":"index","follow":"follow","max-snippet":"max-snippet:-1","max-image-preview":"max-image-preview:large","max-video-preview":"max-video-preview:-1"},"canonical":"https:\/\/ebabyusa.net\/ebaby-peru\/cambios-y-devoluciones\/","og_locale":"es_ES","og_type":"article","og_title":"Cambios y devoluciones - Ebaby Peru","og_description":"En Ebaby encuentras productos para tu beb\u00e9. Conoce todos los modelos de coche, cuna, triciclos, andadores, ba\u00f1eras y m\u00e1s.","og_url":"https:\/\/ebabyusa.net\/ebaby-peru\/cambios-y-devoluciones\/","og_site_name":"Ebaby Peru","article_publisher":"https:\/\/www.facebook.com\/ebabyperu","article_modified_time":"2021-02-18T17:48:17+00:00","twitter_card":"summary_large_image","twitter_misc":{"Tiempo de lectura":"11 minutos"},"schema":{"@context":"https:\/\/schema.org","@graph":[{"@type":"WebPage","@id":"https:\/\/ebabyusa.net\/ebaby-peru\/cambios-y-devoluciones\/","url":"https:\/\/ebabyusa.net\/ebaby-peru\/cambios-y-devoluciones\/","name":"Cambios y devoluciones - Ebaby Peru","isPartOf":{"@id":"https:\/\/ebabyusa.net\/ebaby-peru\/#website"},"datePublished":"2021-02-18T17:42:55+00:00","dateModified":"2021-02-18T17:48:17+00:00","description":"En Ebaby encuentras productos para tu beb\u00e9. Conoce todos los modelos de coche, cuna, triciclos, andadores, ba\u00f1eras y m\u00e1s.","breadcrumb":{"@id":"https:\/\/ebabyusa.net\/ebaby-peru\/cambios-y-devoluciones\/#breadcrumb"},"inLanguage":"es","potentialAction":[{"@type":"ReadAction","target":["https:\/\/ebabyusa.net\/ebaby-peru\/cambios-y-devoluciones\/"]}]},{"@type":"BreadcrumbList","@id":"https:\/\/ebabyusa.net\/ebaby-peru\/cambios-y-devoluciones\/#breadcrumb","itemListElement":[{"@type":"ListItem","position":1,"name":"Portada","item":"https:\/\/ebabyusa.net\/ebaby-peru\/"},{"@type":"ListItem","position":2,"name":"Cambios y devoluciones"}]},{"@type":"WebSite","@id":"https:\/\/ebabyusa.net\/ebaby-peru\/#website","url":"https:\/\/ebabyusa.net\/ebaby-peru\/","name":"Ebaby Peru","description":"En Ebaby encuentras productos para tu beb\u00e9. Conoce todos los modelos de coche, cuna, triciclos, andadores, ba\u00f1eras y m\u00e1s.","publisher":{"@id":"https:\/\/ebabyusa.net\/ebaby-peru\/#organization"},"potentialAction":[{"@type":"SearchAction","target":{"@type":"EntryPoint","urlTemplate":"https:\/\/ebabyusa.net\/ebaby-peru\/?s={search_term_string}"},"query-input":{"@type":"PropertyValueSpecification","valueRequired":true,"valueName":"search_term_string"}}],"inLanguage":"es"},{"@type":"Organization","@id":"https:\/\/ebabyusa.net\/ebaby-peru\/#organization","name":"Ebaby","url":"https:\/\/ebabyusa.net\/ebaby-peru\/","logo":{"@type":"ImageObject","inLanguage":"es","@id":"https:\/\/ebabyusa.net\/ebaby-peru\/#\/schema\/logo\/image\/","url":"https:\/\/ebabyusa.net\/ebaby-peru\/wp-content\/uploads\/2020\/11\/cropped-HOME-25.png","contentUrl":"https:\/\/ebabyusa.net\/ebaby-peru\/wp-content\/uploads\/2020\/11\/cropped-HOME-25.png","width":512,"height":512,"caption":"Ebaby"},"image":{"@id":"https:\/\/ebabyusa.net\/ebaby-peru\/#\/schema\/logo\/image\/"},"sameAs":["https:\/\/www.facebook.com\/ebabyperu","https:\/\/www.instagram.com\/ebaby_peru","https:\/\/www.youtube.com\/ebabychannel"]}]}},"_links":{"self":[{"href":"https:\/\/ebabyusa.net\/ebaby-peru\/wp-json\/wp\/v2\/pages\/19185","targetHints":{"allow":["GET"]}}],"collection":[{"href":"https:\/\/ebabyusa.net\/ebaby-peru\/wp-json\/wp\/v2\/pages"}],"about":[{"href":"https:\/\/ebabyusa.net\/ebaby-peru\/wp-json\/wp\/v2\/types\/page"}],"author":[{"embeddable":true,"href":"https:\/\/ebabyusa.net\/ebaby-peru\/wp-json\/wp\/v2\/users\/1498"}],"replies":[{"embeddable":true,"href":"https:\/\/ebabyusa.net\/ebaby-peru\/wp-json\/wp\/v2\/comments?post=19185"}],"version-history":[{"count":5,"href":"https:\/\/ebabyusa.net\/ebaby-peru\/wp-json\/wp\/v2\/pages\/19185\/revisions"}],"predecessor-version":[{"id":26433,"href":"https:\/\/ebabyusa.net\/ebaby-peru\/wp-json\/wp\/v2\/pages\/19185\/revisions\/26433"}],"wp:attachment":[{"href":"https:\/\/ebabyusa.net\/ebaby-peru\/wp-json\/wp\/v2\/media?parent=19185"}],"curies":[{"name":"wp","href":"https:\/\/api.w.org\/{rel}","templated":true}]}}