{"id":27209,"date":"2023-09-22T22:30:00","date_gmt":"2023-09-22T22:30:00","guid":{"rendered":"https:\/\/ebabyusa.net\/ebaby-peru\/?page_id=27209"},"modified":"2023-09-22T22:48:48","modified_gmt":"2023-09-22T22:48:48","slug":"tik-toks","status":"publish","type":"page","link":"https:\/\/ebabyusa.net\/ebaby-peru\/tik-toks\/","title":{"rendered":"Tik Toks"},"content":{"rendered":"\t\t<div data-elementor-type=\"wp-page\" data-elementor-id=\"27209\" class=\"elementor elementor-27209\" data-elementor-post-type=\"page\">\n\t\t\t\t\t\t<section class=\"elementor-section elementor-top-section elementor-element elementor-element-abd1c38 elementor-section-boxed elementor-section-height-default elementor-section-height-default wd-section-disabled\" data-id=\"abd1c38\" data-element_type=\"section\" data-e-type=\"section\">\n\t\t\t\t\t\t<div class=\"elementor-container elementor-column-gap-default\">\n\t\t\t\t\t<div class=\"elementor-column elementor-col-100 elementor-top-column elementor-element elementor-element-2aec722\" data-id=\"2aec722\" data-element_type=\"column\" data-e-type=\"column\">\n\t\t\t<div class=\"elementor-widget-wrap elementor-element-populated\">\n\t\t\t\t\t\t<div class=\"elementor-element elementor-element-92c98e2 color-scheme-inherit text-left elementor-widget elementor-widget-text-editor\" data-id=\"92c98e2\" data-element_type=\"widget\" data-e-type=\"widget\" data-widget_type=\"text-editor.default\">\n\t\t\t\t<div class=\"elementor-widget-container\">\n\t\t\t\t\t\t\t\t\t<p>\t\t<div id=\"tiktok-feed-feed-0\" class=\"tiktok-feed-feed\" data-feed=\"{&quot;id&quot;:0,&quot;source&quot;:&quot;account&quot;,&quot;open_id&quot;:&quot;_000eScHrICZS3v_xjNbOOH16UPsXhSefxBK&quot;,&quot;region&quot;:&quot;US&quot;,&quot;hashtag&quot;:&quot;WordPress&quot;,&quot;username&quot;:&quot;tiktok&quot;,&quot;create_time&quot;:0,&quot;layout&quot;:&quot;masonry&quot;,&quot;limit&quot;:12,&quot;columns&quot;:3,&quot;hide_carousel_feed&quot;:true,&quot;lazy&quot;:true,&quot;profile&quot;:{&quot;display&quot;:false,&quot;username&quot;:&quot;&quot;,&quot;nickname&quot;:&quot;&quot;,&quot;biography&quot;:&quot;&quot;,&quot;link_text&quot;:&quot;Follow&quot;,&quot;avatar&quot;:&quot;&quot;},&quot;video&quot;:{&quot;spacing&quot;:10,&quot;radius&quot;:0},&quot;highlight&quot;:{&quot;id&quot;:&quot;&quot;,&quot;tag&quot;:&quot;&quot;,&quot;position&quot;:&quot;1, 5, 7&quot;},&quot;mask&quot;:{&quot;display&quot;:true,&quot;background&quot;:&quot;#000000&quot;,&quot;likes_count&quot;:true,&quot;comments_count&quot;:true},&quot;box&quot;:{&quot;display&quot;:false,&quot;padding&quot;:1,&quot;radius&quot;:0,&quot;background&quot;:&quot;#fefefe&quot;,&quot;text_color&quot;:&quot;#000000&quot;},&quot;card&quot;:{&quot;display&quot;:false,&quot;radius&quot;:0,&quot;font_size&quot;:&quot;12&quot;,&quot;background&quot;:&quot;#ffffff&quot;,&quot;background_hover&quot;:&quot;#ffffff&quot;,&quot;text_color&quot;:&quot;#000000&quot;,&quot;padding&quot;:&quot;5&quot;,&quot;likes_count&quot;:true,&quot;max_word_count&quot;:10,&quot;video_description&quot;:true,&quot;comments_count&quot;:true,&quot;text_align&quot;:&quot;left&quot;},&quot;carousel&quot;:{&quot;autoplay&quot;:false,&quot;autoplay_interval&quot;:3000,&quot;navarrows&quot;:true,&quot;navarrows_color&quot;:&quot;&quot;,&quot;pagination&quot;:true,&quot;pagination_color&quot;:&quot;&quot;},&quot;modal&quot;:{&quot;display&quot;:true,&quot;profile&quot;:true,&quot;download&quot;:false,&quot;video_description&quot;:true,&quot;likes_count&quot;:true,&quot;autoplay&quot;:true,&quot;comments_count&quot;:true,&quot;date&quot;:true,&quot;controls&quot;:true,&quot;align&quot;:&quot;right&quot;},&quot;button&quot;:{&quot;display&quot;:true,&quot;text&quot;:&quot;View on TikTok&quot;,&quot;text_color&quot;:&quot;#ffff&quot;,&quot;background&quot;:&quot;&quot;,&quot;background_hover&quot;:&quot;&quot;},&quot;button_load&quot;:{&quot;display&quot;:false,&quot;text_color&quot;:&quot;#ffff&quot;,&quot;text&quot;:&quot;Load more...&quot;,&quot;background&quot;:&quot;&quot;,&quot;background_hover&quot;:&quot;&quot;,&quot;profile&quot;:&quot;&quot;}}\">\n\t\t<!-- <FeedContainer\/> -->\n\t\t<\/div>\n\t\t<\/p>\t\t\t\t\t\t\t\t<\/div>\n\t\t\t\t<\/div>\n\t\t\t\t\t<\/div>\n\t\t<\/div>\n\t\t\t\t\t<\/div>\n\t\t<\/section>\n\t\t\t\t<\/div>\n\t\t","protected":false},"excerpt":{"rendered":"","protected":false},"author":1498,"featured_media":0,"parent":0,"menu_order":0,"comment_status":"closed","ping_status":"closed","template":"","meta":{"footnotes":""},"class_list":["post-27209","page","type-page","status-publish","hentry"],"yoast_head":"<!-- This site is optimized with the Yoast SEO plugin v27.4 - https:\/\/yoast.com\/product\/yoast-seo-wordpress\/ -->\n<title>Tik Toks - Ebaby Peru<\/title>\n<meta name=\"description\" content=\"En Ebaby encuentras productos para tu beb\u00e9. Conoce todos los modelos de coche, cuna, triciclos, andadores, ba\u00f1eras y m\u00e1s.\" \/>\n<meta name=\"robots\" content=\"index, follow, max-snippet:-1, max-image-preview:large, max-video-preview:-1\" \/>\n<link rel=\"canonical\" href=\"https:\/\/ebabyusa.net\/ebaby-peru\/tik-toks\/\" \/>\n<meta property=\"og:locale\" content=\"es_ES\" \/>\n<meta property=\"og:type\" content=\"article\" \/>\n<meta property=\"og:title\" content=\"Tik Toks - Ebaby Peru\" \/>\n<meta property=\"og:description\" content=\"En Ebaby encuentras productos para tu beb\u00e9. Conoce todos los modelos de coche, cuna, triciclos, andadores, ba\u00f1eras y m\u00e1s.\" \/>\n<meta property=\"og:url\" content=\"https:\/\/ebabyusa.net\/ebaby-peru\/tik-toks\/\" \/>\n<meta property=\"og:site_name\" content=\"Ebaby Peru\" \/>\n<meta property=\"article:publisher\" content=\"https:\/\/www.facebook.com\/ebabyperu\" \/>\n<meta property=\"article:modified_time\" content=\"2023-09-22T22:48:48+00:00\" \/>\n<meta name=\"twitter:card\" content=\"summary_large_image\" \/>\n<meta name=\"twitter:label1\" content=\"Tiempo de lectura\" \/>\n\t<meta name=\"twitter:data1\" content=\"1 minuto\" \/>\n<script type=\"application\/ld+json\" class=\"yoast-schema-graph\">{\"@context\":\"https:\\\/\\\/schema.org\",\"@graph\":[{\"@type\":\"WebPage\",\"@id\":\"https:\\\/\\\/ebabyusa.net\\\/ebaby-peru\\\/tik-toks\\\/\",\"url\":\"https:\\\/\\\/ebabyusa.net\\\/ebaby-peru\\\/tik-toks\\\/\",\"name\":\"Tik Toks - Ebaby Peru\",\"isPartOf\":{\"@id\":\"https:\\\/\\\/ebabyusa.net\\\/ebaby-peru\\\/#website\"},\"datePublished\":\"2023-09-22T22:30:00+00:00\",\"dateModified\":\"2023-09-22T22:48:48+00:00\",\"description\":\"En Ebaby encuentras productos para tu beb\u00e9. Conoce todos los modelos de coche, cuna, triciclos, andadores, ba\u00f1eras y m\u00e1s.\",\"breadcrumb\":{\"@id\":\"https:\\\/\\\/ebabyusa.net\\\/ebaby-peru\\\/tik-toks\\\/#breadcrumb\"},\"inLanguage\":\"es\",\"potentialAction\":[{\"@type\":\"ReadAction\",\"target\":[\"https:\\\/\\\/ebabyusa.net\\\/ebaby-peru\\\/tik-toks\\\/\"]}]},{\"@type\":\"BreadcrumbList\",\"@id\":\"https:\\\/\\\/ebabyusa.net\\\/ebaby-peru\\\/tik-toks\\\/#breadcrumb\",\"itemListElement\":[{\"@type\":\"ListItem\",\"position\":1,\"name\":\"Portada\",\"item\":\"https:\\\/\\\/ebabyusa.net\\\/ebaby-peru\\\/\"},{\"@type\":\"ListItem\",\"position\":2,\"name\":\"Tik Toks\"}]},{\"@type\":\"WebSite\",\"@id\":\"https:\\\/\\\/ebabyusa.net\\\/ebaby-peru\\\/#website\",\"url\":\"https:\\\/\\\/ebabyusa.net\\\/ebaby-peru\\\/\",\"name\":\"Ebaby Peru\",\"description\":\"En Ebaby encuentras productos para tu beb\u00e9. Conoce todos los modelos de coche, cuna, triciclos, andadores, ba\u00f1eras y m\u00e1s.\",\"publisher\":{\"@id\":\"https:\\\/\\\/ebabyusa.net\\\/ebaby-peru\\\/#organization\"},\"potentialAction\":[{\"@type\":\"SearchAction\",\"target\":{\"@type\":\"EntryPoint\",\"urlTemplate\":\"https:\\\/\\\/ebabyusa.net\\\/ebaby-peru\\\/?s={search_term_string}\"},\"query-input\":{\"@type\":\"PropertyValueSpecification\",\"valueRequired\":true,\"valueName\":\"search_term_string\"}}],\"inLanguage\":\"es\"},{\"@type\":\"Organization\",\"@id\":\"https:\\\/\\\/ebabyusa.net\\\/ebaby-peru\\\/#organization\",\"name\":\"Ebaby\",\"url\":\"https:\\\/\\\/ebabyusa.net\\\/ebaby-peru\\\/\",\"logo\":{\"@type\":\"ImageObject\",\"inLanguage\":\"es\",\"@id\":\"https:\\\/\\\/ebabyusa.net\\\/ebaby-peru\\\/#\\\/schema\\\/logo\\\/image\\\/\",\"url\":\"https:\\\/\\\/ebabyusa.net\\\/ebaby-peru\\\/wp-content\\\/uploads\\\/2020\\\/11\\\/cropped-HOME-25.png\",\"contentUrl\":\"https:\\\/\\\/ebabyusa.net\\\/ebaby-peru\\\/wp-content\\\/uploads\\\/2020\\\/11\\\/cropped-HOME-25.png\",\"width\":512,\"height\":512,\"caption\":\"Ebaby\"},\"image\":{\"@id\":\"https:\\\/\\\/ebabyusa.net\\\/ebaby-peru\\\/#\\\/schema\\\/logo\\\/image\\\/\"},\"sameAs\":[\"https:\\\/\\\/www.facebook.com\\\/ebabyperu\",\"https:\\\/\\\/www.instagram.com\\\/ebaby_peru\",\"https:\\\/\\\/www.youtube.com\\\/ebabychannel\"]}]}<\/script>\n<!-- \/ Yoast SEO plugin. -->","yoast_head_json":{"title":"Tik Toks - Ebaby Peru","description":"En Ebaby encuentras productos para tu beb\u00e9. Conoce todos los modelos de coche, cuna, triciclos, andadores, ba\u00f1eras y m\u00e1s.","robots":{"index":"index","follow":"follow","max-snippet":"max-snippet:-1","max-image-preview":"max-image-preview:large","max-video-preview":"max-video-preview:-1"},"canonical":"https:\/\/ebabyusa.net\/ebaby-peru\/tik-toks\/","og_locale":"es_ES","og_type":"article","og_title":"Tik Toks - Ebaby Peru","og_description":"En Ebaby encuentras productos para tu beb\u00e9. Conoce todos los modelos de coche, cuna, triciclos, andadores, ba\u00f1eras y m\u00e1s.","og_url":"https:\/\/ebabyusa.net\/ebaby-peru\/tik-toks\/","og_site_name":"Ebaby Peru","article_publisher":"https:\/\/www.facebook.com\/ebabyperu","article_modified_time":"2023-09-22T22:48:48+00:00","twitter_card":"summary_large_image","twitter_misc":{"Tiempo de lectura":"1 minuto"},"schema":{"@context":"https:\/\/schema.org","@graph":[{"@type":"WebPage","@id":"https:\/\/ebabyusa.net\/ebaby-peru\/tik-toks\/","url":"https:\/\/ebabyusa.net\/ebaby-peru\/tik-toks\/","name":"Tik Toks - Ebaby Peru","isPartOf":{"@id":"https:\/\/ebabyusa.net\/ebaby-peru\/#website"},"datePublished":"2023-09-22T22:30:00+00:00","dateModified":"2023-09-22T22:48:48+00:00","description":"En Ebaby encuentras productos para tu beb\u00e9. Conoce todos los modelos de coche, cuna, triciclos, andadores, ba\u00f1eras y m\u00e1s.","breadcrumb":{"@id":"https:\/\/ebabyusa.net\/ebaby-peru\/tik-toks\/#breadcrumb"},"inLanguage":"es","potentialAction":[{"@type":"ReadAction","target":["https:\/\/ebabyusa.net\/ebaby-peru\/tik-toks\/"]}]},{"@type":"BreadcrumbList","@id":"https:\/\/ebabyusa.net\/ebaby-peru\/tik-toks\/#breadcrumb","itemListElement":[{"@type":"ListItem","position":1,"name":"Portada","item":"https:\/\/ebabyusa.net\/ebaby-peru\/"},{"@type":"ListItem","position":2,"name":"Tik Toks"}]},{"@type":"WebSite","@id":"https:\/\/ebabyusa.net\/ebaby-peru\/#website","url":"https:\/\/ebabyusa.net\/ebaby-peru\/","name":"Ebaby Peru","description":"En Ebaby encuentras productos para tu beb\u00e9. Conoce todos los modelos de coche, cuna, triciclos, andadores, ba\u00f1eras y m\u00e1s.","publisher":{"@id":"https:\/\/ebabyusa.net\/ebaby-peru\/#organization"},"potentialAction":[{"@type":"SearchAction","target":{"@type":"EntryPoint","urlTemplate":"https:\/\/ebabyusa.net\/ebaby-peru\/?s={search_term_string}"},"query-input":{"@type":"PropertyValueSpecification","valueRequired":true,"valueName":"search_term_string"}}],"inLanguage":"es"},{"@type":"Organization","@id":"https:\/\/ebabyusa.net\/ebaby-peru\/#organization","name":"Ebaby","url":"https:\/\/ebabyusa.net\/ebaby-peru\/","logo":{"@type":"ImageObject","inLanguage":"es","@id":"https:\/\/ebabyusa.net\/ebaby-peru\/#\/schema\/logo\/image\/","url":"https:\/\/ebabyusa.net\/ebaby-peru\/wp-content\/uploads\/2020\/11\/cropped-HOME-25.png","contentUrl":"https:\/\/ebabyusa.net\/ebaby-peru\/wp-content\/uploads\/2020\/11\/cropped-HOME-25.png","width":512,"height":512,"caption":"Ebaby"},"image":{"@id":"https:\/\/ebabyusa.net\/ebaby-peru\/#\/schema\/logo\/image\/"},"sameAs":["https:\/\/www.facebook.com\/ebabyperu","https:\/\/www.instagram.com\/ebaby_peru","https:\/\/www.youtube.com\/ebabychannel"]}]}},"_links":{"self":[{"href":"https:\/\/ebabyusa.net\/ebaby-peru\/wp-json\/wp\/v2\/pages\/27209","targetHints":{"allow":["GET"]}}],"collection":[{"href":"https:\/\/ebabyusa.net\/ebaby-peru\/wp-json\/wp\/v2\/pages"}],"about":[{"href":"https:\/\/ebabyusa.net\/ebaby-peru\/wp-json\/wp\/v2\/types\/page"}],"author":[{"embeddable":true,"href":"https:\/\/ebabyusa.net\/ebaby-peru\/wp-json\/wp\/v2\/users\/1498"}],"replies":[{"embeddable":true,"href":"https:\/\/ebabyusa.net\/ebaby-peru\/wp-json\/wp\/v2\/comments?post=27209"}],"version-history":[{"count":5,"href":"https:\/\/ebabyusa.net\/ebaby-peru\/wp-json\/wp\/v2\/pages\/27209\/revisions"}],"predecessor-version":[{"id":27214,"href":"https:\/\/ebabyusa.net\/ebaby-peru\/wp-json\/wp\/v2\/pages\/27209\/revisions\/27214"}],"wp:attachment":[{"href":"https:\/\/ebabyusa.net\/ebaby-peru\/wp-json\/wp\/v2\/media?parent=27209"}],"curies":[{"name":"wp","href":"https:\/\/api.w.org\/{rel}","templated":true}]}}