{"id":21283,"date":"2021-07-12T17:23:52","date_gmt":"2021-07-12T17:23:52","guid":{"rendered":"https:\/\/ebabyusa.net\/ebaby-peru\/?post_type=product&#038;p=21283"},"modified":"2024-12-31T13:55:07","modified_gmt":"2024-12-31T13:55:07","slug":"zoe-eb340n","status":"publish","type":"product","link":"https:\/\/ebabyusa.net\/ebaby-peru\/tienda\/triciclos\/zoe-eb340n\/","title":{"rendered":"Ebaby triciclo Zoe &#8211; EB340N"},"content":{"rendered":"<h4><span style=\"color: #006280;\"><strong>Caracter\u00edsticas Principales <\/strong>TRICICLO ZOE EB340N:<\/span><\/h4>\n<div class=\"celdadescripcion\">\n<ul style=\"list-style: disc !important; margin-left: 10px !important;\">\n<li>Capota expandible en 2 niveles y desmontable<\/li>\n<li>Incluye tapasol desmontable<\/li>\n<li>Cabeza musical con entrada USB y Bluetooth<\/li>\n<li>Cintur\u00f3n de seguridad con arn\u00e9s de 3 puntos<\/li>\n<li>Reposapi\u00e9s removible y retractil<\/li>\n<li>Respaldar reclinable<\/li>\n<li>Asiento giratorio<\/li>\n<li>Llantas de caucho<\/li>\n<li>Tablero con luz y sonido<\/li>\n<li>Edad de uso: 18 meses a 5 a\u00f1os<\/li>\n<\/ul>\n<\/div>\n<div class=\"celdadescripcion\">\n<table class=\"egt1\" style=\"margin-bottom: 0px;\" width=\"100%\">\n<tbody>\n<tr>\n<td>\n<p style=\"text-align: center;\"><img decoding=\"async\" class=\"aligncenter wp-image-15085\" src=\"https:\/\/ebabyusa.net\/peru\/wp-content\/uploads\/2020\/12\/PICTOGRAMAS-07-2.png\" alt=\"\" width=\"70\" height=\"70\" srcset=\"https:\/\/ebabyusa.net\/ebaby-peru\/wp-content\/uploads\/2020\/12\/PICTOGRAMAS-07-2.png 273w, https:\/\/ebabyusa.net\/ebaby-peru\/wp-content\/uploads\/2020\/12\/PICTOGRAMAS-07-2-100x100.png 100w, https:\/\/ebabyusa.net\/ebaby-peru\/wp-content\/uploads\/2020\/12\/PICTOGRAMAS-07-2-150x150.png 150w\" sizes=\"(max-width: 70px) 100vw, 70px\" \/>Reposapi\u00e9s removible y retractil<\/p>\n<\/td>\n<td><\/td>\n<td>\n<div style=\"text-align: center;\"><img decoding=\"async\" class=\"aligncenter wp-image-15110\" src=\"https:\/\/ebabyusa.net\/peru\/wp-content\/uploads\/2020\/12\/PICTOGRAMAS-04-4.png\" alt=\"\" width=\"70\" height=\"70\" srcset=\"https:\/\/ebabyusa.net\/ebaby-peru\/wp-content\/uploads\/2020\/12\/PICTOGRAMAS-04-4.png 273w, https:\/\/ebabyusa.net\/ebaby-peru\/wp-content\/uploads\/2020\/12\/PICTOGRAMAS-04-4-100x100.png 100w, https:\/\/ebabyusa.net\/ebaby-peru\/wp-content\/uploads\/2020\/12\/PICTOGRAMAS-04-4-150x150.png 150w\" sizes=\"(max-width: 70px) 100vw, 70px\" \/>Incluye tapasol desmotable<\/div>\n<\/td>\n<\/tr>\n<tr>\n<td style=\"text-align: center;\"><img decoding=\"async\" class=\"aligncenter wp-image-15082\" src=\"https:\/\/ebabyusa.net\/peru\/wp-content\/uploads\/2020\/12\/PICTOGRAMAS-05-2.png\" alt=\"\" width=\"70\" height=\"70\" srcset=\"https:\/\/ebabyusa.net\/ebaby-peru\/wp-content\/uploads\/2020\/12\/PICTOGRAMAS-05-2.png 273w, https:\/\/ebabyusa.net\/ebaby-peru\/wp-content\/uploads\/2020\/12\/PICTOGRAMAS-05-2-100x100.png 100w, https:\/\/ebabyusa.net\/ebaby-peru\/wp-content\/uploads\/2020\/12\/PICTOGRAMAS-05-2-150x150.png 150w\" sizes=\"(max-width: 70px) 100vw, 70px\" \/>Cintur\u00f3n de seguridad de 3 puntos<\/td>\n<td><\/td>\n<td>\n<div style=\"text-align: center;\"><img loading=\"lazy\" decoding=\"async\" class=\"aligncenter wp-image-15171\" src=\"https:\/\/ebabyusa.net\/peru\/wp-content\/uploads\/2020\/12\/PICTOGRAMAS-07-6.png\" alt=\"\" width=\"70\" height=\"70\" srcset=\"https:\/\/ebabyusa.net\/ebaby-peru\/wp-content\/uploads\/2020\/12\/PICTOGRAMAS-07-6.png 273w, https:\/\/ebabyusa.net\/ebaby-peru\/wp-content\/uploads\/2020\/12\/PICTOGRAMAS-07-6-100x100.png 100w, https:\/\/ebabyusa.net\/ebaby-peru\/wp-content\/uploads\/2020\/12\/PICTOGRAMAS-07-6-150x150.png 150w\" sizes=\"(max-width: 70px) 100vw, 70px\" \/>Respaldar reclinable<\/div>\n<\/td>\n<\/tr>\n<\/tbody>\n<\/table>\n<\/div>\n","protected":false},"excerpt":{"rendered":"<p><span style=\"text-align: justify;\">Cuenta con el respaldar reclinable que permite que tu beb\u00e9 viaje c\u00f3modamente y se divierta. Ebaby trabaja siempre con elementos de la mejor calidad<\/span><\/p>\n<table class=\"egt\" style=\"margin-bottom: 0px;\" width=\"100%\">\n<tbody>\n<tr>\n<td>Marca<\/td>\n<td><\/td>\n<td>\n<div style=\"text-align: right;\">Ebaby<\/div>\n<\/td>\n<\/tr>\n<\/tbody>\n<\/table>\n<div style=\"border-top: 1px dashed #8d8c8c;\"><\/div>\n<table class=\"egt\" style=\"margin-bottom: 0px;\" width=\"100%\">\n<tbody>\n<tr>\n<td>Capacidad<\/td>\n<td><\/td>\n<td>\n<div style=\"text-align: right;\">30kg<\/div>\n<\/td>\n<\/tr>\n<\/tbody>\n<\/table>\n<div style=\"border-top: 1px dashed #8d8c8c;\"><\/div>\n<table class=\"egt\" style=\"margin-bottom: 0px;\" width=\"100%\">\n<tbody>\n<tr>\n<td>Material Principal<\/td>\n<td><\/td>\n<td>\n<div style=\"text-align: right;\">Metal<\/div>\n<\/td>\n<\/tr>\n<\/tbody>\n<\/table>\n<div style=\"border-top: 1px dashed #8d8c8c;\"><\/div>\n<div>\n<table class=\"egt\" style=\"margin-bottom: 0px;\" width=\"100%\">\n<tbody>\n<tr>\n<td>Material Principal<\/td>\n<td><\/td>\n<td>\n<div style=\"text-align: right;\">Metal<\/div>\n<\/td>\n<\/tr>\n<\/tbody>\n<\/table>\n<table class=\"egt\" style=\"margin-bottom: 0px;\" width=\"100%\">\n<tbody>\n<tr>\n<td>Peso Caja<\/td>\n<td><\/td>\n<td>\n<div style=\"text-align: right;\">14kg<\/div>\n<\/td>\n<\/tr>\n<\/tbody>\n<\/table>\n<\/div>\n","protected":false},"featured_media":25511,"comment_status":"open","ping_status":"closed","template":"","meta":[],"product_brand":[],"product_cat":[135],"product_tag":[],"class_list":{"0":"post-21283","1":"product","2":"type-product","3":"status-publish","4":"has-post-thumbnail","6":"product_cat-triciclos","8":"first","9":"outofstock","10":"shipping-taxable","11":"product-type-variable"},"yoast_head":"<!-- This site is optimized with the Yoast SEO plugin v27.4 - https:\/\/yoast.com\/product\/yoast-seo-wordpress\/ -->\n<title>Ebaby triciclo Zoe - EB340N- - Ebaby Peru - Compra en web y rec\u00edbelo donde tu quieras<\/title>\n<meta name=\"description\" content=\"En Ebaby encuentras productos para tu beb\u00e9. Conoce todos los modelos de coche, cuna, triciclos, andadores, ba\u00f1eras y m\u00e1s.\" \/>\n<meta name=\"robots\" content=\"index, follow, max-snippet:-1, max-image-preview:large, max-video-preview:-1\" \/>\n<link rel=\"canonical\" href=\"https:\/\/ebabyusa.net\/ebaby-peru\/tienda\/triciclos\/zoe-eb340n\/\" \/>\n<meta property=\"og:locale\" content=\"es_ES\" \/>\n<meta property=\"og:type\" content=\"article\" \/>\n<meta property=\"og:title\" content=\"Ebaby triciclo Zoe - EB340N- - Ebaby Peru - Compra en web y rec\u00edbelo donde tu quieras\" \/>\n<meta property=\"og:description\" content=\"En Ebaby encuentras productos para tu beb\u00e9. Conoce todos los modelos de coche, cuna, triciclos, andadores, ba\u00f1eras y m\u00e1s.\" \/>\n<meta property=\"og:url\" content=\"https:\/\/ebabyusa.net\/ebaby-peru\/tienda\/triciclos\/zoe-eb340n\/\" \/>\n<meta property=\"og:site_name\" content=\"Ebaby Peru\" \/>\n<meta property=\"article:publisher\" content=\"https:\/\/www.facebook.com\/ebabyperu\" \/>\n<meta property=\"article:modified_time\" content=\"2024-12-31T13:55:07+00:00\" \/>\n<meta property=\"og:image\" content=\"https:\/\/ebabyusa.net\/ebaby-peru\/wp-content\/uploads\/2021\/07\/EB340NGR_1.jpg\" \/>\n\t<meta property=\"og:image:width\" content=\"1100\" \/>\n\t<meta property=\"og:image:height\" content=\"1135\" \/>\n\t<meta property=\"og:image:type\" content=\"image\/jpeg\" \/>\n<meta name=\"twitter:card\" content=\"summary_large_image\" \/>\n<meta name=\"twitter:label1\" content=\"Tiempo de lectura\" \/>\n\t<meta name=\"twitter:data1\" content=\"2 minutos\" \/>\n<script type=\"application\/ld+json\" class=\"yoast-schema-graph\">{\"@context\":\"https:\\\/\\\/schema.org\",\"@graph\":[{\"@type\":\"WebPage\",\"@id\":\"https:\\\/\\\/ebabyusa.net\\\/ebaby-peru\\\/tienda\\\/triciclos\\\/zoe-eb340n\\\/\",\"url\":\"https:\\\/\\\/ebabyusa.net\\\/ebaby-peru\\\/tienda\\\/triciclos\\\/zoe-eb340n\\\/\",\"name\":\"Ebaby triciclo Zoe - EB340N- - Ebaby Peru - Compra en web y rec\u00edbelo donde tu quieras\",\"isPartOf\":{\"@id\":\"https:\\\/\\\/ebabyusa.net\\\/ebaby-peru\\\/#website\"},\"primaryImageOfPage\":{\"@id\":\"https:\\\/\\\/ebabyusa.net\\\/ebaby-peru\\\/tienda\\\/triciclos\\\/zoe-eb340n\\\/#primaryimage\"},\"image\":{\"@id\":\"https:\\\/\\\/ebabyusa.net\\\/ebaby-peru\\\/tienda\\\/triciclos\\\/zoe-eb340n\\\/#primaryimage\"},\"thumbnailUrl\":\"https:\\\/\\\/ebabyusa.net\\\/ebaby-peru\\\/wp-content\\\/uploads\\\/2021\\\/07\\\/EB340NGR_1.jpg\",\"datePublished\":\"2021-07-12T17:23:52+00:00\",\"dateModified\":\"2024-12-31T13:55:07+00:00\",\"description\":\"En Ebaby encuentras productos para tu beb\u00e9. Conoce todos los modelos de coche, cuna, triciclos, andadores, ba\u00f1eras y m\u00e1s.\",\"breadcrumb\":{\"@id\":\"https:\\\/\\\/ebabyusa.net\\\/ebaby-peru\\\/tienda\\\/triciclos\\\/zoe-eb340n\\\/#breadcrumb\"},\"inLanguage\":\"es\",\"potentialAction\":[{\"@type\":\"ReadAction\",\"target\":[\"https:\\\/\\\/ebabyusa.net\\\/ebaby-peru\\\/tienda\\\/triciclos\\\/zoe-eb340n\\\/\"]}]},{\"@type\":\"ImageObject\",\"inLanguage\":\"es\",\"@id\":\"https:\\\/\\\/ebabyusa.net\\\/ebaby-peru\\\/tienda\\\/triciclos\\\/zoe-eb340n\\\/#primaryimage\",\"url\":\"https:\\\/\\\/ebabyusa.net\\\/ebaby-peru\\\/wp-content\\\/uploads\\\/2021\\\/07\\\/EB340NGR_1.jpg\",\"contentUrl\":\"https:\\\/\\\/ebabyusa.net\\\/ebaby-peru\\\/wp-content\\\/uploads\\\/2021\\\/07\\\/EB340NGR_1.jpg\",\"width\":1100,\"height\":1135},{\"@type\":\"BreadcrumbList\",\"@id\":\"https:\\\/\\\/ebabyusa.net\\\/ebaby-peru\\\/tienda\\\/triciclos\\\/zoe-eb340n\\\/#breadcrumb\",\"itemListElement\":[{\"@type\":\"ListItem\",\"position\":1,\"name\":\"Portada\",\"item\":\"https:\\\/\\\/ebabyusa.net\\\/ebaby-peru\\\/\"},{\"@type\":\"ListItem\",\"position\":2,\"name\":\"Tienda\",\"item\":\"https:\\\/\\\/ebabyusa.net\\\/ebaby-peru\\\/tienda\\\/\"},{\"@type\":\"ListItem\",\"position\":3,\"name\":\"Ebaby triciclo Zoe &#8211; EB340N\"}]},{\"@type\":\"WebSite\",\"@id\":\"https:\\\/\\\/ebabyusa.net\\\/ebaby-peru\\\/#website\",\"url\":\"https:\\\/\\\/ebabyusa.net\\\/ebaby-peru\\\/\",\"name\":\"Ebaby Peru\",\"description\":\"En Ebaby encuentras productos para tu beb\u00e9. Conoce todos los modelos de coche, cuna, triciclos, andadores, ba\u00f1eras y m\u00e1s.\",\"publisher\":{\"@id\":\"https:\\\/\\\/ebabyusa.net\\\/ebaby-peru\\\/#organization\"},\"potentialAction\":[{\"@type\":\"SearchAction\",\"target\":{\"@type\":\"EntryPoint\",\"urlTemplate\":\"https:\\\/\\\/ebabyusa.net\\\/ebaby-peru\\\/?s={search_term_string}\"},\"query-input\":{\"@type\":\"PropertyValueSpecification\",\"valueRequired\":true,\"valueName\":\"search_term_string\"}}],\"inLanguage\":\"es\"},{\"@type\":\"Organization\",\"@id\":\"https:\\\/\\\/ebabyusa.net\\\/ebaby-peru\\\/#organization\",\"name\":\"Ebaby\",\"url\":\"https:\\\/\\\/ebabyusa.net\\\/ebaby-peru\\\/\",\"logo\":{\"@type\":\"ImageObject\",\"inLanguage\":\"es\",\"@id\":\"https:\\\/\\\/ebabyusa.net\\\/ebaby-peru\\\/#\\\/schema\\\/logo\\\/image\\\/\",\"url\":\"https:\\\/\\\/ebabyusa.net\\\/ebaby-peru\\\/wp-content\\\/uploads\\\/2020\\\/11\\\/cropped-HOME-25.png\",\"contentUrl\":\"https:\\\/\\\/ebabyusa.net\\\/ebaby-peru\\\/wp-content\\\/uploads\\\/2020\\\/11\\\/cropped-HOME-25.png\",\"width\":512,\"height\":512,\"caption\":\"Ebaby\"},\"image\":{\"@id\":\"https:\\\/\\\/ebabyusa.net\\\/ebaby-peru\\\/#\\\/schema\\\/logo\\\/image\\\/\"},\"sameAs\":[\"https:\\\/\\\/www.facebook.com\\\/ebabyperu\",\"https:\\\/\\\/www.instagram.com\\\/ebaby_peru\",\"https:\\\/\\\/www.youtube.com\\\/ebabychannel\"]}]}<\/script>\n<!-- \/ Yoast SEO plugin. -->","yoast_head_json":{"title":"Ebaby triciclo Zoe - EB340N- - Ebaby Peru - Compra en web y rec\u00edbelo donde tu quieras","description":"En Ebaby encuentras productos para tu beb\u00e9. Conoce todos los modelos de coche, cuna, triciclos, andadores, ba\u00f1eras y m\u00e1s.","robots":{"index":"index","follow":"follow","max-snippet":"max-snippet:-1","max-image-preview":"max-image-preview:large","max-video-preview":"max-video-preview:-1"},"canonical":"https:\/\/ebabyusa.net\/ebaby-peru\/tienda\/triciclos\/zoe-eb340n\/","og_locale":"es_ES","og_type":"article","og_title":"Ebaby triciclo Zoe - EB340N- - Ebaby Peru - Compra en web y rec\u00edbelo donde tu quieras","og_description":"En Ebaby encuentras productos para tu beb\u00e9. Conoce todos los modelos de coche, cuna, triciclos, andadores, ba\u00f1eras y m\u00e1s.","og_url":"https:\/\/ebabyusa.net\/ebaby-peru\/tienda\/triciclos\/zoe-eb340n\/","og_site_name":"Ebaby Peru","article_publisher":"https:\/\/www.facebook.com\/ebabyperu","article_modified_time":"2024-12-31T13:55:07+00:00","og_image":[{"width":1100,"height":1135,"url":"https:\/\/ebabyusa.net\/ebaby-peru\/wp-content\/uploads\/2021\/07\/EB340NGR_1.jpg","type":"image\/jpeg"}],"twitter_card":"summary_large_image","twitter_misc":{"Tiempo de lectura":"2 minutos"},"schema":{"@context":"https:\/\/schema.org","@graph":[{"@type":"WebPage","@id":"https:\/\/ebabyusa.net\/ebaby-peru\/tienda\/triciclos\/zoe-eb340n\/","url":"https:\/\/ebabyusa.net\/ebaby-peru\/tienda\/triciclos\/zoe-eb340n\/","name":"Ebaby triciclo Zoe - EB340N- - Ebaby Peru - Compra en web y rec\u00edbelo donde tu quieras","isPartOf":{"@id":"https:\/\/ebabyusa.net\/ebaby-peru\/#website"},"primaryImageOfPage":{"@id":"https:\/\/ebabyusa.net\/ebaby-peru\/tienda\/triciclos\/zoe-eb340n\/#primaryimage"},"image":{"@id":"https:\/\/ebabyusa.net\/ebaby-peru\/tienda\/triciclos\/zoe-eb340n\/#primaryimage"},"thumbnailUrl":"https:\/\/ebabyusa.net\/ebaby-peru\/wp-content\/uploads\/2021\/07\/EB340NGR_1.jpg","datePublished":"2021-07-12T17:23:52+00:00","dateModified":"2024-12-31T13:55:07+00:00","description":"En Ebaby encuentras productos para tu beb\u00e9. Conoce todos los modelos de coche, cuna, triciclos, andadores, ba\u00f1eras y m\u00e1s.","breadcrumb":{"@id":"https:\/\/ebabyusa.net\/ebaby-peru\/tienda\/triciclos\/zoe-eb340n\/#breadcrumb"},"inLanguage":"es","potentialAction":[{"@type":"ReadAction","target":["https:\/\/ebabyusa.net\/ebaby-peru\/tienda\/triciclos\/zoe-eb340n\/"]}]},{"@type":"ImageObject","inLanguage":"es","@id":"https:\/\/ebabyusa.net\/ebaby-peru\/tienda\/triciclos\/zoe-eb340n\/#primaryimage","url":"https:\/\/ebabyusa.net\/ebaby-peru\/wp-content\/uploads\/2021\/07\/EB340NGR_1.jpg","contentUrl":"https:\/\/ebabyusa.net\/ebaby-peru\/wp-content\/uploads\/2021\/07\/EB340NGR_1.jpg","width":1100,"height":1135},{"@type":"BreadcrumbList","@id":"https:\/\/ebabyusa.net\/ebaby-peru\/tienda\/triciclos\/zoe-eb340n\/#breadcrumb","itemListElement":[{"@type":"ListItem","position":1,"name":"Portada","item":"https:\/\/ebabyusa.net\/ebaby-peru\/"},{"@type":"ListItem","position":2,"name":"Tienda","item":"https:\/\/ebabyusa.net\/ebaby-peru\/tienda\/"},{"@type":"ListItem","position":3,"name":"Ebaby triciclo Zoe &#8211; EB340N"}]},{"@type":"WebSite","@id":"https:\/\/ebabyusa.net\/ebaby-peru\/#website","url":"https:\/\/ebabyusa.net\/ebaby-peru\/","name":"Ebaby Peru","description":"En Ebaby encuentras productos para tu beb\u00e9. Conoce todos los modelos de coche, cuna, triciclos, andadores, ba\u00f1eras y m\u00e1s.","publisher":{"@id":"https:\/\/ebabyusa.net\/ebaby-peru\/#organization"},"potentialAction":[{"@type":"SearchAction","target":{"@type":"EntryPoint","urlTemplate":"https:\/\/ebabyusa.net\/ebaby-peru\/?s={search_term_string}"},"query-input":{"@type":"PropertyValueSpecification","valueRequired":true,"valueName":"search_term_string"}}],"inLanguage":"es"},{"@type":"Organization","@id":"https:\/\/ebabyusa.net\/ebaby-peru\/#organization","name":"Ebaby","url":"https:\/\/ebabyusa.net\/ebaby-peru\/","logo":{"@type":"ImageObject","inLanguage":"es","@id":"https:\/\/ebabyusa.net\/ebaby-peru\/#\/schema\/logo\/image\/","url":"https:\/\/ebabyusa.net\/ebaby-peru\/wp-content\/uploads\/2020\/11\/cropped-HOME-25.png","contentUrl":"https:\/\/ebabyusa.net\/ebaby-peru\/wp-content\/uploads\/2020\/11\/cropped-HOME-25.png","width":512,"height":512,"caption":"Ebaby"},"image":{"@id":"https:\/\/ebabyusa.net\/ebaby-peru\/#\/schema\/logo\/image\/"},"sameAs":["https:\/\/www.facebook.com\/ebabyperu","https:\/\/www.instagram.com\/ebaby_peru","https:\/\/www.youtube.com\/ebabychannel"]}]}},"_links":{"self":[{"href":"https:\/\/ebabyusa.net\/ebaby-peru\/wp-json\/wp\/v2\/product\/21283","targetHints":{"allow":["GET"]}}],"collection":[{"href":"https:\/\/ebabyusa.net\/ebaby-peru\/wp-json\/wp\/v2\/product"}],"about":[{"href":"https:\/\/ebabyusa.net\/ebaby-peru\/wp-json\/wp\/v2\/types\/product"}],"replies":[{"embeddable":true,"href":"https:\/\/ebabyusa.net\/ebaby-peru\/wp-json\/wp\/v2\/comments?post=21283"}],"version-history":[{"count":13,"href":"https:\/\/ebabyusa.net\/ebaby-peru\/wp-json\/wp\/v2\/product\/21283\/revisions"}],"predecessor-version":[{"id":21322,"href":"https:\/\/ebabyusa.net\/ebaby-peru\/wp-json\/wp\/v2\/product\/21283\/revisions\/21322"}],"wp:featuredmedia":[{"embeddable":true,"href":"https:\/\/ebabyusa.net\/ebaby-peru\/wp-json\/wp\/v2\/media\/25511"}],"wp:attachment":[{"href":"https:\/\/ebabyusa.net\/ebaby-peru\/wp-json\/wp\/v2\/media?parent=21283"}],"wp:term":[{"taxonomy":"product_brand","embeddable":true,"href":"https:\/\/ebabyusa.net\/ebaby-peru\/wp-json\/wp\/v2\/product_brand?post=21283"},{"taxonomy":"product_cat","embeddable":true,"href":"https:\/\/ebabyusa.net\/ebaby-peru\/wp-json\/wp\/v2\/product_cat?post=21283"},{"taxonomy":"product_tag","embeddable":true,"href":"https:\/\/ebabyusa.net\/ebaby-peru\/wp-json\/wp\/v2\/product_tag?post=21283"}],"curies":[{"name":"wp","href":"https:\/\/api.w.org\/{rel}","templated":true}]}}