{"id":25396,"date":"2022-10-04T16:52:40","date_gmt":"2022-10-04T16:52:40","guid":{"rendered":"https:\/\/ebabyusa.net\/ebaby-peru\/?post_type=product&#038;p=25396"},"modified":"2024-12-31T13:42:07","modified_gmt":"2024-12-31T13:42:07","slug":"cristal-eb418","status":"publish","type":"product","link":"https:\/\/ebabyusa.net\/ebaby-peru\/tienda\/andadores\/cristal-eb418\/","title":{"rendered":"Ebaby andador Cristal &#8211; EB418"},"content":{"rendered":"<h4><span style=\"color: #006280;\">Caracter\u00edsticas Principales\u00a0 del ANDADOR CRISTAL EB418:<\/span><\/h4>\n<div class=\"celdadescripcion\">\n<ul style=\"list-style: disc !important; margin-left: 10px !important;\">\n<li><span style=\"color: #000000;\">Asiento confortable<\/span><\/li>\n<li>Altura ajustable<\/li>\n<li>Bandeja interactiva musical<\/li>\n<li>Incluye juguetes<\/li>\n<li>Plegado f\u00e1cil<\/li>\n<li>Llantas giratorias 360<\/li>\n<li>Llantas de silicona y anti deslizantes<\/li>\n<li>Posee 7 llantas<\/li>\n<li>Edad de uso: 7 a 18 meses<\/li>\n<li>Capacidad m\u00e1xima: 15 kg<\/li>\n<\/ul>\n<\/div>\n<div class=\"celdadescripcion\">\n<table class=\"egt1\" style=\"margin-bottom: 0px;\" width=\"100%\">\n<tbody>\n<tr>\n<td>\n<p><div id=\"attachment_15187\" style=\"width: 90px\" class=\"wp-caption aligncenter\"><img decoding=\"async\" aria-describedby=\"caption-attachment-15187\" class=\"wp-image-15187\" src=\"https:\/\/ebabyusa.net\/ebaby-peru\/wp-content\/uploads\/2020\/12\/PICTOGRAMAS-12-2-150x150.png\" alt=\"Llantas anti-deslizantes\" width=\"80\" height=\"80\" srcset=\"https:\/\/ebabyusa.net\/ebaby-peru\/wp-content\/uploads\/2020\/12\/PICTOGRAMAS-12-2-150x150.png 150w, https:\/\/ebabyusa.net\/ebaby-peru\/wp-content\/uploads\/2020\/12\/PICTOGRAMAS-12-2-100x100.png 100w, https:\/\/ebabyusa.net\/ebaby-peru\/wp-content\/uploads\/2020\/12\/PICTOGRAMAS-12-2.png 273w\" sizes=\"(max-width: 80px) 100vw, 80px\" \/><p id=\"caption-attachment-15187\" class=\"wp-caption-text\">Llantas anti-deslizantes<\/p><\/div><\/td>\n<td><\/td>\n<td>\n<div style=\"text-align: center;\"><img decoding=\"async\" class=\"size-full wp-image-9996 aligncenter\" src=\"https:\/\/ebabyusa.net\/peru\/wp-content\/uploads\/2020\/10\/icono1.jpg\" alt=\"\" width=\"55\" height=\"57\" \/><\/div>\n<\/td>\n<\/tr>\n<tr>\n<td style=\"text-align: center;\"><img decoding=\"async\" class=\"size-full wp-image-9996 aligncenter\" src=\"https:\/\/ebabyusa.net\/peru\/wp-content\/uploads\/2020\/10\/icono1.jpg\" alt=\"\" width=\"55\" height=\"57\" \/><\/td>\n<td><\/td>\n<td>\n<div style=\"text-align: center;\"><img decoding=\"async\" class=\"size-full wp-image-9996 aligncenter\" src=\"https:\/\/ebabyusa.net\/peru\/wp-content\/uploads\/2020\/10\/icono1.jpg\" alt=\"\" width=\"55\" height=\"57\" \/><\/div>\n<\/td>\n<\/tr>\n<\/tbody>\n<\/table>\n<\/div>\n","protected":false},"excerpt":{"rendered":"<div style=\"text-align: justify;\">\n<p>Cuenta con bandeja interaciva que permite que tu beb\u00e9 se divierta. Ebaby trabaja siempre con elementos de la mejor calidad<\/p>\n<\/div>\n<table class=\"egt\" style=\"margin-bottom: 0px;\" width=\"100%\">\n<tbody>\n<tr>\n<td>Marca<\/td>\n<td><\/td>\n<td>\n<div style=\"text-align: right;\">Ebaby<\/div>\n<\/td>\n<\/tr>\n<\/tbody>\n<\/table>\n<div style=\"border-top: 1px dashed #8d8c8c;\"><\/div>\n<table class=\"egt\" style=\"margin-bottom: 0px;\" width=\"100%\">\n<tbody>\n<tr>\n<td>Capacidad<\/td>\n<td><\/td>\n<td>\n<div style=\"text-align: right;\">15 kg<\/div>\n<\/td>\n<\/tr>\n<\/tbody>\n<\/table>\n<div style=\"border-top: 1px dashed #8d8c8c;\"><\/div>\n<table class=\"egt\" style=\"margin-bottom: 0px;\" width=\"100%\">\n<tbody>\n<tr>\n<td>Material Principal<\/td>\n<td><\/td>\n<td>\n<div style=\"text-align: right;\">Pl\u00e1stico<\/div>\n<\/td>\n<\/tr>\n<\/tbody>\n<\/table>\n<div style=\"border-top: 1px dashed #8d8c8c;\"><\/div>\n<div>\n<table class=\"egt\" style=\"margin-bottom: 0px;\" width=\"100%\">\n<tbody>\n<tr>\n<td>Peso Caja<\/td>\n<td><\/td>\n<td>\n<div style=\"text-align: right;\">2.72 kg<\/div>\n<\/td>\n<\/tr>\n<\/tbody>\n<\/table>\n<\/div>\n","protected":false},"featured_media":35765,"comment_status":"open","ping_status":"closed","template":"","meta":[],"product_brand":[],"product_cat":[642],"product_tag":[],"class_list":{"0":"post-25396","1":"product","2":"type-product","3":"status-publish","4":"has-post-thumbnail","6":"product_cat-andadores","8":"first","9":"outofstock","10":"shipping-taxable","11":"product-type-variable"},"yoast_head":"<!-- This site is optimized with the Yoast SEO plugin v27.5 - https:\/\/yoast.com\/product\/yoast-seo-wordpress\/ -->\n<title>Ebaby andador Cristal - EB418- - Ebaby Peru - Compra en web y rec\u00edbelo donde tu quieras<\/title>\n<meta name=\"description\" content=\"En Ebaby encuentras productos para tu beb\u00e9. Conoce todos los modelos de coche, cuna, triciclos, andadores, ba\u00f1eras y m\u00e1s.\" \/>\n<meta name=\"robots\" content=\"index, follow, max-snippet:-1, max-image-preview:large, max-video-preview:-1\" \/>\n<link rel=\"canonical\" href=\"https:\/\/ebabyusa.net\/ebaby-peru\/tienda\/andadores\/cristal-eb418\/\" \/>\n<meta property=\"og:locale\" content=\"es_ES\" \/>\n<meta property=\"og:type\" content=\"article\" \/>\n<meta property=\"og:title\" content=\"Ebaby andador Cristal - EB418- - Ebaby Peru - Compra en web y rec\u00edbelo donde tu quieras\" \/>\n<meta property=\"og:description\" content=\"En Ebaby encuentras productos para tu beb\u00e9. Conoce todos los modelos de coche, cuna, triciclos, andadores, ba\u00f1eras y m\u00e1s.\" \/>\n<meta property=\"og:url\" content=\"https:\/\/ebabyusa.net\/ebaby-peru\/tienda\/andadores\/cristal-eb418\/\" \/>\n<meta property=\"og:site_name\" content=\"Ebaby Peru\" \/>\n<meta property=\"article:publisher\" content=\"https:\/\/www.facebook.com\/ebabyperu\" \/>\n<meta property=\"article:modified_time\" content=\"2024-12-31T13:42:07+00:00\" \/>\n<meta property=\"og:image\" content=\"https:\/\/ebabyusa.net\/ebaby-peru\/wp-content\/uploads\/2022\/10\/418-B-1.jpg\" \/>\n\t<meta property=\"og:image:width\" content=\"1080\" \/>\n\t<meta property=\"og:image:height\" content=\"1080\" \/>\n\t<meta property=\"og:image:type\" content=\"image\/jpeg\" \/>\n<meta name=\"twitter:card\" content=\"summary_large_image\" \/>\n<meta name=\"twitter:label1\" content=\"Tiempo de lectura\" \/>\n\t<meta name=\"twitter:data1\" content=\"2 minutos\" \/>\n<script type=\"application\/ld+json\" class=\"yoast-schema-graph\">{\"@context\":\"https:\\\/\\\/schema.org\",\"@graph\":[{\"@type\":\"WebPage\",\"@id\":\"https:\\\/\\\/ebabyusa.net\\\/ebaby-peru\\\/tienda\\\/andadores\\\/cristal-eb418\\\/\",\"url\":\"https:\\\/\\\/ebabyusa.net\\\/ebaby-peru\\\/tienda\\\/andadores\\\/cristal-eb418\\\/\",\"name\":\"Ebaby andador Cristal - EB418- - Ebaby Peru - Compra en web y rec\u00edbelo donde tu quieras\",\"isPartOf\":{\"@id\":\"https:\\\/\\\/ebabyusa.net\\\/ebaby-peru\\\/#website\"},\"primaryImageOfPage\":{\"@id\":\"https:\\\/\\\/ebabyusa.net\\\/ebaby-peru\\\/tienda\\\/andadores\\\/cristal-eb418\\\/#primaryimage\"},\"image\":{\"@id\":\"https:\\\/\\\/ebabyusa.net\\\/ebaby-peru\\\/tienda\\\/andadores\\\/cristal-eb418\\\/#primaryimage\"},\"thumbnailUrl\":\"https:\\\/\\\/ebabyusa.net\\\/ebaby-peru\\\/wp-content\\\/uploads\\\/2022\\\/10\\\/418-B-1.jpg\",\"datePublished\":\"2022-10-04T16:52:40+00:00\",\"dateModified\":\"2024-12-31T13:42:07+00:00\",\"description\":\"En Ebaby encuentras productos para tu beb\u00e9. Conoce todos los modelos de coche, cuna, triciclos, andadores, ba\u00f1eras y m\u00e1s.\",\"breadcrumb\":{\"@id\":\"https:\\\/\\\/ebabyusa.net\\\/ebaby-peru\\\/tienda\\\/andadores\\\/cristal-eb418\\\/#breadcrumb\"},\"inLanguage\":\"es\",\"potentialAction\":[{\"@type\":\"ReadAction\",\"target\":[\"https:\\\/\\\/ebabyusa.net\\\/ebaby-peru\\\/tienda\\\/andadores\\\/cristal-eb418\\\/\"]}]},{\"@type\":\"ImageObject\",\"inLanguage\":\"es\",\"@id\":\"https:\\\/\\\/ebabyusa.net\\\/ebaby-peru\\\/tienda\\\/andadores\\\/cristal-eb418\\\/#primaryimage\",\"url\":\"https:\\\/\\\/ebabyusa.net\\\/ebaby-peru\\\/wp-content\\\/uploads\\\/2022\\\/10\\\/418-B-1.jpg\",\"contentUrl\":\"https:\\\/\\\/ebabyusa.net\\\/ebaby-peru\\\/wp-content\\\/uploads\\\/2022\\\/10\\\/418-B-1.jpg\",\"width\":1080,\"height\":1080},{\"@type\":\"BreadcrumbList\",\"@id\":\"https:\\\/\\\/ebabyusa.net\\\/ebaby-peru\\\/tienda\\\/andadores\\\/cristal-eb418\\\/#breadcrumb\",\"itemListElement\":[{\"@type\":\"ListItem\",\"position\":1,\"name\":\"Portada\",\"item\":\"https:\\\/\\\/ebabyusa.net\\\/ebaby-peru\\\/\"},{\"@type\":\"ListItem\",\"position\":2,\"name\":\"Tienda\",\"item\":\"https:\\\/\\\/ebabyusa.net\\\/ebaby-peru\\\/tienda\\\/\"},{\"@type\":\"ListItem\",\"position\":3,\"name\":\"Ebaby andador Cristal &#8211; EB418\"}]},{\"@type\":\"WebSite\",\"@id\":\"https:\\\/\\\/ebabyusa.net\\\/ebaby-peru\\\/#website\",\"url\":\"https:\\\/\\\/ebabyusa.net\\\/ebaby-peru\\\/\",\"name\":\"Ebaby Peru\",\"description\":\"En Ebaby encuentras productos para tu beb\u00e9. Conoce todos los modelos de coche, cuna, triciclos, andadores, ba\u00f1eras y m\u00e1s.\",\"publisher\":{\"@id\":\"https:\\\/\\\/ebabyusa.net\\\/ebaby-peru\\\/#organization\"},\"potentialAction\":[{\"@type\":\"SearchAction\",\"target\":{\"@type\":\"EntryPoint\",\"urlTemplate\":\"https:\\\/\\\/ebabyusa.net\\\/ebaby-peru\\\/?s={search_term_string}\"},\"query-input\":{\"@type\":\"PropertyValueSpecification\",\"valueRequired\":true,\"valueName\":\"search_term_string\"}}],\"inLanguage\":\"es\"},{\"@type\":\"Organization\",\"@id\":\"https:\\\/\\\/ebabyusa.net\\\/ebaby-peru\\\/#organization\",\"name\":\"Ebaby\",\"url\":\"https:\\\/\\\/ebabyusa.net\\\/ebaby-peru\\\/\",\"logo\":{\"@type\":\"ImageObject\",\"inLanguage\":\"es\",\"@id\":\"https:\\\/\\\/ebabyusa.net\\\/ebaby-peru\\\/#\\\/schema\\\/logo\\\/image\\\/\",\"url\":\"https:\\\/\\\/ebabyusa.net\\\/ebaby-peru\\\/wp-content\\\/uploads\\\/2020\\\/11\\\/cropped-HOME-25.png\",\"contentUrl\":\"https:\\\/\\\/ebabyusa.net\\\/ebaby-peru\\\/wp-content\\\/uploads\\\/2020\\\/11\\\/cropped-HOME-25.png\",\"width\":512,\"height\":512,\"caption\":\"Ebaby\"},\"image\":{\"@id\":\"https:\\\/\\\/ebabyusa.net\\\/ebaby-peru\\\/#\\\/schema\\\/logo\\\/image\\\/\"},\"sameAs\":[\"https:\\\/\\\/www.facebook.com\\\/ebabyperu\",\"https:\\\/\\\/www.instagram.com\\\/ebaby_peru\",\"https:\\\/\\\/www.youtube.com\\\/ebabychannel\"]}]}<\/script>\n<!-- \/ Yoast SEO plugin. -->","yoast_head_json":{"title":"Ebaby andador Cristal - EB418- - Ebaby Peru - Compra en web y rec\u00edbelo donde tu quieras","description":"En Ebaby encuentras productos para tu beb\u00e9. Conoce todos los modelos de coche, cuna, triciclos, andadores, ba\u00f1eras y m\u00e1s.","robots":{"index":"index","follow":"follow","max-snippet":"max-snippet:-1","max-image-preview":"max-image-preview:large","max-video-preview":"max-video-preview:-1"},"canonical":"https:\/\/ebabyusa.net\/ebaby-peru\/tienda\/andadores\/cristal-eb418\/","og_locale":"es_ES","og_type":"article","og_title":"Ebaby andador Cristal - EB418- - Ebaby Peru - Compra en web y rec\u00edbelo donde tu quieras","og_description":"En Ebaby encuentras productos para tu beb\u00e9. Conoce todos los modelos de coche, cuna, triciclos, andadores, ba\u00f1eras y m\u00e1s.","og_url":"https:\/\/ebabyusa.net\/ebaby-peru\/tienda\/andadores\/cristal-eb418\/","og_site_name":"Ebaby Peru","article_publisher":"https:\/\/www.facebook.com\/ebabyperu","article_modified_time":"2024-12-31T13:42:07+00:00","og_image":[{"width":1080,"height":1080,"url":"https:\/\/ebabyusa.net\/ebaby-peru\/wp-content\/uploads\/2022\/10\/418-B-1.jpg","type":"image\/jpeg"}],"twitter_card":"summary_large_image","twitter_misc":{"Tiempo de lectura":"2 minutos"},"schema":{"@context":"https:\/\/schema.org","@graph":[{"@type":"WebPage","@id":"https:\/\/ebabyusa.net\/ebaby-peru\/tienda\/andadores\/cristal-eb418\/","url":"https:\/\/ebabyusa.net\/ebaby-peru\/tienda\/andadores\/cristal-eb418\/","name":"Ebaby andador Cristal - EB418- - Ebaby Peru - Compra en web y rec\u00edbelo donde tu quieras","isPartOf":{"@id":"https:\/\/ebabyusa.net\/ebaby-peru\/#website"},"primaryImageOfPage":{"@id":"https:\/\/ebabyusa.net\/ebaby-peru\/tienda\/andadores\/cristal-eb418\/#primaryimage"},"image":{"@id":"https:\/\/ebabyusa.net\/ebaby-peru\/tienda\/andadores\/cristal-eb418\/#primaryimage"},"thumbnailUrl":"https:\/\/ebabyusa.net\/ebaby-peru\/wp-content\/uploads\/2022\/10\/418-B-1.jpg","datePublished":"2022-10-04T16:52:40+00:00","dateModified":"2024-12-31T13:42:07+00:00","description":"En Ebaby encuentras productos para tu beb\u00e9. Conoce todos los modelos de coche, cuna, triciclos, andadores, ba\u00f1eras y m\u00e1s.","breadcrumb":{"@id":"https:\/\/ebabyusa.net\/ebaby-peru\/tienda\/andadores\/cristal-eb418\/#breadcrumb"},"inLanguage":"es","potentialAction":[{"@type":"ReadAction","target":["https:\/\/ebabyusa.net\/ebaby-peru\/tienda\/andadores\/cristal-eb418\/"]}]},{"@type":"ImageObject","inLanguage":"es","@id":"https:\/\/ebabyusa.net\/ebaby-peru\/tienda\/andadores\/cristal-eb418\/#primaryimage","url":"https:\/\/ebabyusa.net\/ebaby-peru\/wp-content\/uploads\/2022\/10\/418-B-1.jpg","contentUrl":"https:\/\/ebabyusa.net\/ebaby-peru\/wp-content\/uploads\/2022\/10\/418-B-1.jpg","width":1080,"height":1080},{"@type":"BreadcrumbList","@id":"https:\/\/ebabyusa.net\/ebaby-peru\/tienda\/andadores\/cristal-eb418\/#breadcrumb","itemListElement":[{"@type":"ListItem","position":1,"name":"Portada","item":"https:\/\/ebabyusa.net\/ebaby-peru\/"},{"@type":"ListItem","position":2,"name":"Tienda","item":"https:\/\/ebabyusa.net\/ebaby-peru\/tienda\/"},{"@type":"ListItem","position":3,"name":"Ebaby andador Cristal &#8211; EB418"}]},{"@type":"WebSite","@id":"https:\/\/ebabyusa.net\/ebaby-peru\/#website","url":"https:\/\/ebabyusa.net\/ebaby-peru\/","name":"Ebaby Peru","description":"En Ebaby encuentras productos para tu beb\u00e9. Conoce todos los modelos de coche, cuna, triciclos, andadores, ba\u00f1eras y m\u00e1s.","publisher":{"@id":"https:\/\/ebabyusa.net\/ebaby-peru\/#organization"},"potentialAction":[{"@type":"SearchAction","target":{"@type":"EntryPoint","urlTemplate":"https:\/\/ebabyusa.net\/ebaby-peru\/?s={search_term_string}"},"query-input":{"@type":"PropertyValueSpecification","valueRequired":true,"valueName":"search_term_string"}}],"inLanguage":"es"},{"@type":"Organization","@id":"https:\/\/ebabyusa.net\/ebaby-peru\/#organization","name":"Ebaby","url":"https:\/\/ebabyusa.net\/ebaby-peru\/","logo":{"@type":"ImageObject","inLanguage":"es","@id":"https:\/\/ebabyusa.net\/ebaby-peru\/#\/schema\/logo\/image\/","url":"https:\/\/ebabyusa.net\/ebaby-peru\/wp-content\/uploads\/2020\/11\/cropped-HOME-25.png","contentUrl":"https:\/\/ebabyusa.net\/ebaby-peru\/wp-content\/uploads\/2020\/11\/cropped-HOME-25.png","width":512,"height":512,"caption":"Ebaby"},"image":{"@id":"https:\/\/ebabyusa.net\/ebaby-peru\/#\/schema\/logo\/image\/"},"sameAs":["https:\/\/www.facebook.com\/ebabyperu","https:\/\/www.instagram.com\/ebaby_peru","https:\/\/www.youtube.com\/ebabychannel"]}]}},"_links":{"self":[{"href":"https:\/\/ebabyusa.net\/ebaby-peru\/wp-json\/wp\/v2\/product\/25396","targetHints":{"allow":["GET"]}}],"collection":[{"href":"https:\/\/ebabyusa.net\/ebaby-peru\/wp-json\/wp\/v2\/product"}],"about":[{"href":"https:\/\/ebabyusa.net\/ebaby-peru\/wp-json\/wp\/v2\/types\/product"}],"replies":[{"embeddable":true,"href":"https:\/\/ebabyusa.net\/ebaby-peru\/wp-json\/wp\/v2\/comments?post=25396"}],"version-history":[{"count":6,"href":"https:\/\/ebabyusa.net\/ebaby-peru\/wp-json\/wp\/v2\/product\/25396\/revisions"}],"predecessor-version":[{"id":25403,"href":"https:\/\/ebabyusa.net\/ebaby-peru\/wp-json\/wp\/v2\/product\/25396\/revisions\/25403"}],"wp:featuredmedia":[{"embeddable":true,"href":"https:\/\/ebabyusa.net\/ebaby-peru\/wp-json\/wp\/v2\/media\/35765"}],"wp:attachment":[{"href":"https:\/\/ebabyusa.net\/ebaby-peru\/wp-json\/wp\/v2\/media?parent=25396"}],"wp:term":[{"taxonomy":"product_brand","embeddable":true,"href":"https:\/\/ebabyusa.net\/ebaby-peru\/wp-json\/wp\/v2\/product_brand?post=25396"},{"taxonomy":"product_cat","embeddable":true,"href":"https:\/\/ebabyusa.net\/ebaby-peru\/wp-json\/wp\/v2\/product_cat?post=25396"},{"taxonomy":"product_tag","embeddable":true,"href":"https:\/\/ebabyusa.net\/ebaby-peru\/wp-json\/wp\/v2\/product_tag?post=25396"}],"curies":[{"name":"wp","href":"https:\/\/api.w.org\/{rel}","templated":true}]}}