{"id":32498,"date":"2024-01-16T20:56:19","date_gmt":"2024-01-16T20:56:19","guid":{"rendered":"https:\/\/ebabyusa.net\/ebaby-peru\/?post_type=product&#038;p=32498"},"modified":"2024-12-31T13:30:52","modified_gmt":"2024-12-31T13:30:52","slug":"ebaby-coche-maleta-compact-eb195","status":"publish","type":"product","link":"https:\/\/ebabyusa.net\/ebaby-peru\/tienda\/coches\/coche-maleta\/ebaby-coche-maleta-compact-eb195\/","title":{"rendered":"Ebaby coche maleta Compact &#8211; EB195"},"content":{"rendered":"<h4><span style=\"color: #006280;\"><strong>Caracter\u00edsticas Principales del COCHE MALETA COMPACT- EB195 :<\/strong><\/span><\/h4>\n<div class=\"celdadescripcion\">\n<ul style=\"list-style: disc !important; margin-left: 10px !important;\">\n<li>Cintur\u00f3n de seguridad de 5 puntos<\/li>\n<li>Mango retr\u00e1ctil<\/li>\n<li>Sistema de plegado con una sola mano<\/li>\n<li>Plegado f\u00e1cil y compacto<\/li>\n<li>Respaldar reclinable<\/li>\n<li>Incluye cubrepi\u00e9s<\/li>\n<li>Amplia canastilla<\/li>\n<li>Freno trasero unificado<\/li>\n<li>Reposapi\u00e9s ajustable<\/li>\n<\/ul>\n<\/div>\n<div class=\"celdadescripcion\">\n<table class=\"egt1\" style=\"margin-bottom: 0px;\" width=\"100%\">\n<tbody>\n<tr>\n<td>\n<p style=\"text-align: center;\"><img decoding=\"async\" class=\"aligncenter wp-image-15059\" src=\"https:\/\/ebabyusa.net\/peru\/wp-content\/uploads\/2020\/12\/PICTOGRAMAS-04-2.png\" alt=\"\" width=\"70\" height=\"70\" srcset=\"https:\/\/ebabyusa.net\/ebaby-peru\/wp-content\/uploads\/2020\/12\/PICTOGRAMAS-04-2.png 273w, https:\/\/ebabyusa.net\/ebaby-peru\/wp-content\/uploads\/2020\/12\/PICTOGRAMAS-04-2-100x100.png 100w, https:\/\/ebabyusa.net\/ebaby-peru\/wp-content\/uploads\/2020\/12\/PICTOGRAMAS-04-2-150x150.png 150w\" sizes=\"(max-width: 70px) 100vw, 70px\" \/><span style=\"vertical-align: inherit;\"><span style=\"vertical-align: inherit;\">Cintur\u00f3n de seguridad de 5 puntos<\/span><\/span><\/p>\n<\/td>\n<td><\/td>\n<td>\n<div style=\"text-align: center;\"><img decoding=\"async\" class=\"aligncenter wp-image-15171\" src=\"https:\/\/ebabyusa.net\/peru\/wp-content\/uploads\/2020\/12\/PICTOGRAMAS-07-6.png\" alt=\"\" width=\"70\" height=\"70\" srcset=\"https:\/\/ebabyusa.net\/ebaby-peru\/wp-content\/uploads\/2020\/12\/PICTOGRAMAS-07-6.png 273w, https:\/\/ebabyusa.net\/ebaby-peru\/wp-content\/uploads\/2020\/12\/PICTOGRAMAS-07-6-100x100.png 100w, https:\/\/ebabyusa.net\/ebaby-peru\/wp-content\/uploads\/2020\/12\/PICTOGRAMAS-07-6-150x150.png 150w\" sizes=\"(max-width: 70px) 100vw, 70px\" \/><span style=\"vertical-align: inherit;\"><span style=\"vertical-align: inherit;\">Respaldar reclinable<\/span><\/span><\/div>\n<\/td>\n<\/tr>\n<tr>\n<td style=\"text-align: center;\"><img decoding=\"async\" class=\"aligncenter wp-image-15115\" src=\"https:\/\/ebabyusa.net\/peru\/wp-content\/uploads\/2020\/12\/PICTOGRAMAS-15-2.png\" alt=\"\" width=\"70\" height=\"71\" srcset=\"https:\/\/ebabyusa.net\/ebaby-peru\/wp-content\/uploads\/2020\/12\/PICTOGRAMAS-15-2.png 273w, https:\/\/ebabyusa.net\/ebaby-peru\/wp-content\/uploads\/2020\/12\/PICTOGRAMAS-15-2-100x100.png 100w, https:\/\/ebabyusa.net\/ebaby-peru\/wp-content\/uploads\/2020\/12\/PICTOGRAMAS-15-2-150x150.png 150w\" sizes=\"(max-width: 70px) 100vw, 70px\" \/>Reposapi\u00e9s c\u00f3modo<\/td>\n<td><\/td>\n<td>\n<div style=\"text-align: center;\"><img loading=\"lazy\" decoding=\"async\" class=\"aligncenter wp-image-15119\" src=\"https:\/\/ebabyusa.net\/peru\/wp-content\/uploads\/2020\/12\/PICTOGRAMAS-30.png\" alt=\"\" width=\"70\" height=\"70\" srcset=\"https:\/\/ebabyusa.net\/ebaby-peru\/wp-content\/uploads\/2020\/12\/PICTOGRAMAS-30.png 273w, https:\/\/ebabyusa.net\/ebaby-peru\/wp-content\/uploads\/2020\/12\/PICTOGRAMAS-30-100x100.png 100w, https:\/\/ebabyusa.net\/ebaby-peru\/wp-content\/uploads\/2020\/12\/PICTOGRAMAS-30-150x150.png 150w\" sizes=\"(max-width: 70px) 100vw, 70px\" \/><span style=\"vertical-align: inherit;\"><span style=\"vertical-align: inherit;\">Plegado f\u00e1cil y compacto<\/span><\/span><\/div>\n<\/td>\n<\/tr>\n<\/tbody>\n<\/table>\n<\/div>\n","protected":false},"excerpt":{"rendered":"<p><span style=\"text-align: justify;\">Cuenta con el sistema de plegado con una mano que permite que tu beb\u00e9 viaje c\u00f3modamente y se divierta. Ebaby trabaja siempre con elementos de la mejor calidad<\/span><\/p>\n<table class=\"egt\" style=\"margin-bottom: 0px;\" width=\"100%\">\n<tbody>\n<tr>\n<td>Marca<\/td>\n<td><\/td>\n<td>\n<div style=\"text-align: right;\"><span style=\"vertical-align: inherit;\"><span style=\"vertical-align: inherit;\">Ebaby<\/span><\/span><\/div>\n<\/td>\n<\/tr>\n<\/tbody>\n<\/table>\n<div style=\"border-top: 1px dashed #8d8c8c;\"><\/div>\n<table class=\"egt\" style=\"margin-bottom: 0px;\" width=\"100%\">\n<tbody>\n<tr>\n<td>Capacidad<\/td>\n<td><\/td>\n<td>\n<div style=\"text-align: right;\"><span style=\"vertical-align: inherit;\"><span style=\"vertical-align: inherit;\">15 kilos<\/span><\/span><\/div>\n<\/td>\n<\/tr>\n<\/tbody>\n<\/table>\n<div style=\"border-top: 1px dashed #8d8c8c;\"><\/div>\n<table class=\"egt\" style=\"margin-bottom: 0px;\" width=\"100%\">\n<tbody>\n<tr>\n<td>Material Principal<\/td>\n<td><\/td>\n<td>\n<div style=\"text-align: right;\"><span style=\"vertical-align: inherit;\"><span style=\"vertical-align: inherit;\">Metal<\/span><\/span><\/div>\n<\/td>\n<\/tr>\n<\/tbody>\n<\/table>\n<div style=\"border-top: 1px dashed #8d8c8c;\"><\/div>\n<div>\n<table class=\"egt\" style=\"margin-bottom: 0px;\" width=\"100%\">\n<tbody>\n<tr>\n<td>Peso Caja<\/td>\n<td><\/td>\n<td>\n<div style=\"text-align: right;\"><span style=\"vertical-align: inherit;\"><span style=\"vertical-align: inherit;\">7 kilogramos<\/span><\/span><\/div>\n<\/td>\n<\/tr>\n<\/tbody>\n<\/table>\n<\/div>\n","protected":false},"featured_media":32512,"comment_status":"open","ping_status":"closed","template":"","meta":[],"product_brand":[],"product_cat":[410,669,16],"product_tag":[57,657],"class_list":{"0":"post-32498","1":"product","2":"type-product","3":"status-publish","4":"has-post-thumbnail","6":"product_cat-lonuevo","7":"product_cat-coche-maleta","8":"product_cat-coches","9":"product_tag-plegado-con-una-mano","10":"product_tag-plegado-facil-y-compacto","12":"first","13":"outofstock","14":"shipping-taxable","15":"product-type-variable"},"yoast_head":"<!-- This site is optimized with the Yoast SEO plugin v27.4 - https:\/\/yoast.com\/product\/yoast-seo-wordpress\/ -->\n<title>Ebaby coche maleta Compact - EB195- - Ebaby Peru - Compra en web y rec\u00edbelo donde tu quieras<\/title>\n<meta name=\"description\" content=\"En Ebaby encuentras productos para tu beb\u00e9. Conoce todos los modelos de coche, cuna, triciclos, andadores, ba\u00f1eras y m\u00e1s.\" \/>\n<meta name=\"robots\" content=\"index, follow, max-snippet:-1, max-image-preview:large, max-video-preview:-1\" \/>\n<link rel=\"canonical\" href=\"https:\/\/ebabyusa.net\/ebaby-peru\/tienda\/coches\/coche-maleta\/ebaby-coche-maleta-compact-eb195\/\" \/>\n<meta property=\"og:locale\" content=\"es_ES\" \/>\n<meta property=\"og:type\" content=\"article\" \/>\n<meta property=\"og:title\" content=\"Ebaby coche maleta Compact - EB195- - Ebaby Peru - Compra en web y rec\u00edbelo donde tu quieras\" \/>\n<meta property=\"og:description\" content=\"En Ebaby encuentras productos para tu beb\u00e9. Conoce todos los modelos de coche, cuna, triciclos, andadores, ba\u00f1eras y m\u00e1s.\" \/>\n<meta property=\"og:url\" content=\"https:\/\/ebabyusa.net\/ebaby-peru\/tienda\/coches\/coche-maleta\/ebaby-coche-maleta-compact-eb195\/\" \/>\n<meta property=\"og:site_name\" content=\"Ebaby Peru\" \/>\n<meta property=\"article:publisher\" content=\"https:\/\/www.facebook.com\/ebabyperu\" \/>\n<meta property=\"article:modified_time\" content=\"2024-12-31T13:30:52+00:00\" \/>\n<meta property=\"og:image\" content=\"https:\/\/ebabyusa.net\/ebaby-peru\/wp-content\/uploads\/2024\/01\/ROSADO-3.jpg\" \/>\n\t<meta property=\"og:image:width\" content=\"1500\" \/>\n\t<meta property=\"og:image:height\" content=\"1500\" \/>\n\t<meta property=\"og:image:type\" content=\"image\/jpeg\" \/>\n<meta name=\"twitter:card\" content=\"summary_large_image\" \/>\n<meta name=\"twitter:label1\" content=\"Tiempo de lectura\" \/>\n\t<meta name=\"twitter:data1\" content=\"2 minutos\" \/>\n<script type=\"application\/ld+json\" class=\"yoast-schema-graph\">{\"@context\":\"https:\\\/\\\/schema.org\",\"@graph\":[{\"@type\":\"WebPage\",\"@id\":\"https:\\\/\\\/ebabyusa.net\\\/ebaby-peru\\\/tienda\\\/coches\\\/coche-maleta\\\/ebaby-coche-maleta-compact-eb195\\\/\",\"url\":\"https:\\\/\\\/ebabyusa.net\\\/ebaby-peru\\\/tienda\\\/coches\\\/coche-maleta\\\/ebaby-coche-maleta-compact-eb195\\\/\",\"name\":\"Ebaby coche maleta Compact - EB195- - Ebaby Peru - Compra en web y rec\u00edbelo donde tu quieras\",\"isPartOf\":{\"@id\":\"https:\\\/\\\/ebabyusa.net\\\/ebaby-peru\\\/#website\"},\"primaryImageOfPage\":{\"@id\":\"https:\\\/\\\/ebabyusa.net\\\/ebaby-peru\\\/tienda\\\/coches\\\/coche-maleta\\\/ebaby-coche-maleta-compact-eb195\\\/#primaryimage\"},\"image\":{\"@id\":\"https:\\\/\\\/ebabyusa.net\\\/ebaby-peru\\\/tienda\\\/coches\\\/coche-maleta\\\/ebaby-coche-maleta-compact-eb195\\\/#primaryimage\"},\"thumbnailUrl\":\"https:\\\/\\\/ebabyusa.net\\\/ebaby-peru\\\/wp-content\\\/uploads\\\/2024\\\/01\\\/ROSADO-3.jpg\",\"datePublished\":\"2024-01-16T20:56:19+00:00\",\"dateModified\":\"2024-12-31T13:30:52+00:00\",\"description\":\"En Ebaby encuentras productos para tu beb\u00e9. Conoce todos los modelos de coche, cuna, triciclos, andadores, ba\u00f1eras y m\u00e1s.\",\"breadcrumb\":{\"@id\":\"https:\\\/\\\/ebabyusa.net\\\/ebaby-peru\\\/tienda\\\/coches\\\/coche-maleta\\\/ebaby-coche-maleta-compact-eb195\\\/#breadcrumb\"},\"inLanguage\":\"es\",\"potentialAction\":[{\"@type\":\"ReadAction\",\"target\":[\"https:\\\/\\\/ebabyusa.net\\\/ebaby-peru\\\/tienda\\\/coches\\\/coche-maleta\\\/ebaby-coche-maleta-compact-eb195\\\/\"]}]},{\"@type\":\"ImageObject\",\"inLanguage\":\"es\",\"@id\":\"https:\\\/\\\/ebabyusa.net\\\/ebaby-peru\\\/tienda\\\/coches\\\/coche-maleta\\\/ebaby-coche-maleta-compact-eb195\\\/#primaryimage\",\"url\":\"https:\\\/\\\/ebabyusa.net\\\/ebaby-peru\\\/wp-content\\\/uploads\\\/2024\\\/01\\\/ROSADO-3.jpg\",\"contentUrl\":\"https:\\\/\\\/ebabyusa.net\\\/ebaby-peru\\\/wp-content\\\/uploads\\\/2024\\\/01\\\/ROSADO-3.jpg\",\"width\":1500,\"height\":1500},{\"@type\":\"BreadcrumbList\",\"@id\":\"https:\\\/\\\/ebabyusa.net\\\/ebaby-peru\\\/tienda\\\/coches\\\/coche-maleta\\\/ebaby-coche-maleta-compact-eb195\\\/#breadcrumb\",\"itemListElement\":[{\"@type\":\"ListItem\",\"position\":1,\"name\":\"Portada\",\"item\":\"https:\\\/\\\/ebabyusa.net\\\/ebaby-peru\\\/\"},{\"@type\":\"ListItem\",\"position\":2,\"name\":\"Tienda\",\"item\":\"https:\\\/\\\/ebabyusa.net\\\/ebaby-peru\\\/tienda\\\/\"},{\"@type\":\"ListItem\",\"position\":3,\"name\":\"Ebaby coche maleta Compact &#8211; EB195\"}]},{\"@type\":\"WebSite\",\"@id\":\"https:\\\/\\\/ebabyusa.net\\\/ebaby-peru\\\/#website\",\"url\":\"https:\\\/\\\/ebabyusa.net\\\/ebaby-peru\\\/\",\"name\":\"Ebaby Peru\",\"description\":\"En Ebaby encuentras productos para tu beb\u00e9. Conoce todos los modelos de coche, cuna, triciclos, andadores, ba\u00f1eras y m\u00e1s.\",\"publisher\":{\"@id\":\"https:\\\/\\\/ebabyusa.net\\\/ebaby-peru\\\/#organization\"},\"potentialAction\":[{\"@type\":\"SearchAction\",\"target\":{\"@type\":\"EntryPoint\",\"urlTemplate\":\"https:\\\/\\\/ebabyusa.net\\\/ebaby-peru\\\/?s={search_term_string}\"},\"query-input\":{\"@type\":\"PropertyValueSpecification\",\"valueRequired\":true,\"valueName\":\"search_term_string\"}}],\"inLanguage\":\"es\"},{\"@type\":\"Organization\",\"@id\":\"https:\\\/\\\/ebabyusa.net\\\/ebaby-peru\\\/#organization\",\"name\":\"Ebaby\",\"url\":\"https:\\\/\\\/ebabyusa.net\\\/ebaby-peru\\\/\",\"logo\":{\"@type\":\"ImageObject\",\"inLanguage\":\"es\",\"@id\":\"https:\\\/\\\/ebabyusa.net\\\/ebaby-peru\\\/#\\\/schema\\\/logo\\\/image\\\/\",\"url\":\"https:\\\/\\\/ebabyusa.net\\\/ebaby-peru\\\/wp-content\\\/uploads\\\/2020\\\/11\\\/cropped-HOME-25.png\",\"contentUrl\":\"https:\\\/\\\/ebabyusa.net\\\/ebaby-peru\\\/wp-content\\\/uploads\\\/2020\\\/11\\\/cropped-HOME-25.png\",\"width\":512,\"height\":512,\"caption\":\"Ebaby\"},\"image\":{\"@id\":\"https:\\\/\\\/ebabyusa.net\\\/ebaby-peru\\\/#\\\/schema\\\/logo\\\/image\\\/\"},\"sameAs\":[\"https:\\\/\\\/www.facebook.com\\\/ebabyperu\",\"https:\\\/\\\/www.instagram.com\\\/ebaby_peru\",\"https:\\\/\\\/www.youtube.com\\\/ebabychannel\"]}]}<\/script>\n<!-- \/ Yoast SEO plugin. -->","yoast_head_json":{"title":"Ebaby coche maleta Compact - EB195- - Ebaby Peru - Compra en web y rec\u00edbelo donde tu quieras","description":"En Ebaby encuentras productos para tu beb\u00e9. Conoce todos los modelos de coche, cuna, triciclos, andadores, ba\u00f1eras y m\u00e1s.","robots":{"index":"index","follow":"follow","max-snippet":"max-snippet:-1","max-image-preview":"max-image-preview:large","max-video-preview":"max-video-preview:-1"},"canonical":"https:\/\/ebabyusa.net\/ebaby-peru\/tienda\/coches\/coche-maleta\/ebaby-coche-maleta-compact-eb195\/","og_locale":"es_ES","og_type":"article","og_title":"Ebaby coche maleta Compact - EB195- - Ebaby Peru - Compra en web y rec\u00edbelo donde tu quieras","og_description":"En Ebaby encuentras productos para tu beb\u00e9. Conoce todos los modelos de coche, cuna, triciclos, andadores, ba\u00f1eras y m\u00e1s.","og_url":"https:\/\/ebabyusa.net\/ebaby-peru\/tienda\/coches\/coche-maleta\/ebaby-coche-maleta-compact-eb195\/","og_site_name":"Ebaby Peru","article_publisher":"https:\/\/www.facebook.com\/ebabyperu","article_modified_time":"2024-12-31T13:30:52+00:00","og_image":[{"width":1500,"height":1500,"url":"https:\/\/ebabyusa.net\/ebaby-peru\/wp-content\/uploads\/2024\/01\/ROSADO-3.jpg","type":"image\/jpeg"}],"twitter_card":"summary_large_image","twitter_misc":{"Tiempo de lectura":"2 minutos"},"schema":{"@context":"https:\/\/schema.org","@graph":[{"@type":"WebPage","@id":"https:\/\/ebabyusa.net\/ebaby-peru\/tienda\/coches\/coche-maleta\/ebaby-coche-maleta-compact-eb195\/","url":"https:\/\/ebabyusa.net\/ebaby-peru\/tienda\/coches\/coche-maleta\/ebaby-coche-maleta-compact-eb195\/","name":"Ebaby coche maleta Compact - EB195- - Ebaby Peru - Compra en web y rec\u00edbelo donde tu quieras","isPartOf":{"@id":"https:\/\/ebabyusa.net\/ebaby-peru\/#website"},"primaryImageOfPage":{"@id":"https:\/\/ebabyusa.net\/ebaby-peru\/tienda\/coches\/coche-maleta\/ebaby-coche-maleta-compact-eb195\/#primaryimage"},"image":{"@id":"https:\/\/ebabyusa.net\/ebaby-peru\/tienda\/coches\/coche-maleta\/ebaby-coche-maleta-compact-eb195\/#primaryimage"},"thumbnailUrl":"https:\/\/ebabyusa.net\/ebaby-peru\/wp-content\/uploads\/2024\/01\/ROSADO-3.jpg","datePublished":"2024-01-16T20:56:19+00:00","dateModified":"2024-12-31T13:30:52+00:00","description":"En Ebaby encuentras productos para tu beb\u00e9. Conoce todos los modelos de coche, cuna, triciclos, andadores, ba\u00f1eras y m\u00e1s.","breadcrumb":{"@id":"https:\/\/ebabyusa.net\/ebaby-peru\/tienda\/coches\/coche-maleta\/ebaby-coche-maleta-compact-eb195\/#breadcrumb"},"inLanguage":"es","potentialAction":[{"@type":"ReadAction","target":["https:\/\/ebabyusa.net\/ebaby-peru\/tienda\/coches\/coche-maleta\/ebaby-coche-maleta-compact-eb195\/"]}]},{"@type":"ImageObject","inLanguage":"es","@id":"https:\/\/ebabyusa.net\/ebaby-peru\/tienda\/coches\/coche-maleta\/ebaby-coche-maleta-compact-eb195\/#primaryimage","url":"https:\/\/ebabyusa.net\/ebaby-peru\/wp-content\/uploads\/2024\/01\/ROSADO-3.jpg","contentUrl":"https:\/\/ebabyusa.net\/ebaby-peru\/wp-content\/uploads\/2024\/01\/ROSADO-3.jpg","width":1500,"height":1500},{"@type":"BreadcrumbList","@id":"https:\/\/ebabyusa.net\/ebaby-peru\/tienda\/coches\/coche-maleta\/ebaby-coche-maleta-compact-eb195\/#breadcrumb","itemListElement":[{"@type":"ListItem","position":1,"name":"Portada","item":"https:\/\/ebabyusa.net\/ebaby-peru\/"},{"@type":"ListItem","position":2,"name":"Tienda","item":"https:\/\/ebabyusa.net\/ebaby-peru\/tienda\/"},{"@type":"ListItem","position":3,"name":"Ebaby coche maleta Compact &#8211; EB195"}]},{"@type":"WebSite","@id":"https:\/\/ebabyusa.net\/ebaby-peru\/#website","url":"https:\/\/ebabyusa.net\/ebaby-peru\/","name":"Ebaby Peru","description":"En Ebaby encuentras productos para tu beb\u00e9. Conoce todos los modelos de coche, cuna, triciclos, andadores, ba\u00f1eras y m\u00e1s.","publisher":{"@id":"https:\/\/ebabyusa.net\/ebaby-peru\/#organization"},"potentialAction":[{"@type":"SearchAction","target":{"@type":"EntryPoint","urlTemplate":"https:\/\/ebabyusa.net\/ebaby-peru\/?s={search_term_string}"},"query-input":{"@type":"PropertyValueSpecification","valueRequired":true,"valueName":"search_term_string"}}],"inLanguage":"es"},{"@type":"Organization","@id":"https:\/\/ebabyusa.net\/ebaby-peru\/#organization","name":"Ebaby","url":"https:\/\/ebabyusa.net\/ebaby-peru\/","logo":{"@type":"ImageObject","inLanguage":"es","@id":"https:\/\/ebabyusa.net\/ebaby-peru\/#\/schema\/logo\/image\/","url":"https:\/\/ebabyusa.net\/ebaby-peru\/wp-content\/uploads\/2020\/11\/cropped-HOME-25.png","contentUrl":"https:\/\/ebabyusa.net\/ebaby-peru\/wp-content\/uploads\/2020\/11\/cropped-HOME-25.png","width":512,"height":512,"caption":"Ebaby"},"image":{"@id":"https:\/\/ebabyusa.net\/ebaby-peru\/#\/schema\/logo\/image\/"},"sameAs":["https:\/\/www.facebook.com\/ebabyperu","https:\/\/www.instagram.com\/ebaby_peru","https:\/\/www.youtube.com\/ebabychannel"]}]}},"_links":{"self":[{"href":"https:\/\/ebabyusa.net\/ebaby-peru\/wp-json\/wp\/v2\/product\/32498","targetHints":{"allow":["GET"]}}],"collection":[{"href":"https:\/\/ebabyusa.net\/ebaby-peru\/wp-json\/wp\/v2\/product"}],"about":[{"href":"https:\/\/ebabyusa.net\/ebaby-peru\/wp-json\/wp\/v2\/types\/product"}],"replies":[{"embeddable":true,"href":"https:\/\/ebabyusa.net\/ebaby-peru\/wp-json\/wp\/v2\/comments?post=32498"}],"version-history":[{"count":3,"href":"https:\/\/ebabyusa.net\/ebaby-peru\/wp-json\/wp\/v2\/product\/32498\/revisions"}],"predecessor-version":[{"id":32514,"href":"https:\/\/ebabyusa.net\/ebaby-peru\/wp-json\/wp\/v2\/product\/32498\/revisions\/32514"}],"wp:featuredmedia":[{"embeddable":true,"href":"https:\/\/ebabyusa.net\/ebaby-peru\/wp-json\/wp\/v2\/media\/32512"}],"wp:attachment":[{"href":"https:\/\/ebabyusa.net\/ebaby-peru\/wp-json\/wp\/v2\/media?parent=32498"}],"wp:term":[{"taxonomy":"product_brand","embeddable":true,"href":"https:\/\/ebabyusa.net\/ebaby-peru\/wp-json\/wp\/v2\/product_brand?post=32498"},{"taxonomy":"product_cat","embeddable":true,"href":"https:\/\/ebabyusa.net\/ebaby-peru\/wp-json\/wp\/v2\/product_cat?post=32498"},{"taxonomy":"product_tag","embeddable":true,"href":"https:\/\/ebabyusa.net\/ebaby-peru\/wp-json\/wp\/v2\/product_tag?post=32498"}],"curies":[{"name":"wp","href":"https:\/\/api.w.org\/{rel}","templated":true}]}}