{"id":35926,"date":"2024-02-05T14:36:11","date_gmt":"2024-02-05T14:36:11","guid":{"rendered":"https:\/\/ebabyusa.net\/ebaby-peru\/?post_type=product&#038;p=35926"},"modified":"2024-02-26T22:09:43","modified_gmt":"2024-02-26T22:09:43","slug":"ebaby-coche-baston-blum-eb2013","status":"publish","type":"product","link":"https:\/\/ebabyusa.net\/ebaby-peru\/tienda\/coches\/coche-baston\/ebaby-coche-baston-blum-eb2013\/","title":{"rendered":"Ebaby coche Bast\u00f3n Blum &#8211; EB2013"},"content":{"rendered":"<h4><span style=\"color: #006280;\">Caracter\u00edsticas Principales del COCHE COCHE BAST\u00d3N BLUM &#8211; EB2013<\/span><\/h4>\n<div class=\"celdadescripcion\">\n<ul style=\"list-style: disc !important; margin-left: 10px !important;\">\n<li style=\"text-align: justify;\"><span style=\"color: #000000;\">Plegado f\u00e1cil y compacto<\/span><\/li>\n<li style=\"text-align: justify;\">Capota<\/li>\n<li style=\"text-align: justify;\">Ventanilla en capota<\/li>\n<li style=\"text-align: justify;\">Llantas con freno<\/li>\n<li style=\"text-align: justify;\">Bolsillo posterior de tela<\/li>\n<li style=\"text-align: justify;\">Cintur\u00f3n de seguridad 2 ptos<\/li>\n<li>Barrera frontal (bumper)<\/li>\n<\/ul>\n<\/div>\n<div class=\"celdadescripcion\">\n<p>&nbsp;<\/p>\n<table class=\"egt1\" style=\"margin-bottom: 0px;\" width=\"100%\">\n<tbody>\n<tr>\n<td>\n<p style=\"text-align: center;\"><img decoding=\"async\" class=\"aligncenter wp-image-15291\" src=\"https:\/\/ebabyusa.net\/peru\/wp-content\/uploads\/2020\/12\/PICTOGRAMAS-34-1.png\" alt=\"\" width=\"70\" height=\"70\" srcset=\"https:\/\/ebabyusa.net\/ebaby-peru\/wp-content\/uploads\/2020\/12\/PICTOGRAMAS-34-1.png 273w, https:\/\/ebabyusa.net\/ebaby-peru\/wp-content\/uploads\/2020\/12\/PICTOGRAMAS-34-1-100x100.png 100w, https:\/\/ebabyusa.net\/ebaby-peru\/wp-content\/uploads\/2020\/12\/PICTOGRAMAS-34-1-150x150.png 150w\" sizes=\"(max-width: 70px) 100vw, 70px\" \/>Barrera protectora frontal<\/p>\n<\/td>\n<td><\/td>\n<td>\n<div style=\"text-align: center;\"><img decoding=\"async\" class=\"aligncenter wp-image-15284\" src=\"https:\/\/ebabyusa.net\/ebaby-peru\/wp-content\/uploads\/2020\/12\/PICTOGRAMAS-28-2.png\" alt=\"\" width=\"70\" height=\"70\" srcset=\"https:\/\/ebabyusa.net\/ebaby-peru\/wp-content\/uploads\/2020\/12\/PICTOGRAMAS-28-2.png 273w, https:\/\/ebabyusa.net\/ebaby-peru\/wp-content\/uploads\/2020\/12\/PICTOGRAMAS-28-2-100x100.png 100w, https:\/\/ebabyusa.net\/ebaby-peru\/wp-content\/uploads\/2020\/12\/PICTOGRAMAS-28-2-150x150.png 150w\" sizes=\"(max-width: 70px) 100vw, 70px\" \/>Plegado f\u00e1cil y compacto<\/div>\n<\/td>\n<\/tr>\n<tr>\n<td style=\"text-align: center;\"><img decoding=\"async\" class=\"aligncenter wp-image-15357\" src=\"https:\/\/ebabyusa.net\/ebaby-peru\/wp-content\/uploads\/2020\/12\/PICTOGRAMAS-04-12.png\" alt=\"\" width=\"70\" height=\"70\" srcset=\"https:\/\/ebabyusa.net\/ebaby-peru\/wp-content\/uploads\/2020\/12\/PICTOGRAMAS-04-12.png 273w, https:\/\/ebabyusa.net\/ebaby-peru\/wp-content\/uploads\/2020\/12\/PICTOGRAMAS-04-12-100x100.png 100w, https:\/\/ebabyusa.net\/ebaby-peru\/wp-content\/uploads\/2020\/12\/PICTOGRAMAS-04-12-150x150.png 150w\" sizes=\"(max-width: 70px) 100vw, 70px\" \/>Cintur\u00f3n de seguridad<\/td>\n<td><\/td>\n<td>\n<div style=\"text-align: center;\"><img loading=\"lazy\" decoding=\"async\" class=\"aligncenter wp-image-15359\" src=\"https:\/\/ebabyusa.net\/ebaby-peru\/wp-content\/uploads\/2020\/12\/PICTOGRAMAS-23-5.png\" alt=\"\" width=\"70\" height=\"70\" srcset=\"https:\/\/ebabyusa.net\/ebaby-peru\/wp-content\/uploads\/2020\/12\/PICTOGRAMAS-23-5.png 273w, https:\/\/ebabyusa.net\/ebaby-peru\/wp-content\/uploads\/2020\/12\/PICTOGRAMAS-23-5-100x100.png 100w, https:\/\/ebabyusa.net\/ebaby-peru\/wp-content\/uploads\/2020\/12\/PICTOGRAMAS-23-5-150x150.png 150w\" sizes=\"(max-width: 70px) 100vw, 70px\" \/>Llantas con freno<\/div>\n<\/td>\n<\/tr>\n<p><!-- display adap product --><\/tbody>\n<\/table>\n<\/div>\n","protected":false},"excerpt":{"rendered":"<div style=\"text-align: justify;\">\n<p>Ligero y funcional, este coche ofrece una soluci\u00f3n sin complicaciones para desplazamientos r\u00e1pidos y c\u00f3modos.. Ebaby trabaja siempre con elementos de la mejor calidad<\/p>\n<\/div>\n<table class=\"egt\" style=\"margin-bottom: 0px;\" width=\"100%\">\n<tbody>\n<tr>\n<td>Marca<\/td>\n<td><\/td>\n<td>\n<div style=\"text-align: right;\">Ebaby<\/div>\n<\/td>\n<\/tr>\n<\/tbody>\n<\/table>\n<div style=\"border-top: 1px dashed #8d8c8c;\"><\/div>\n<table class=\"egt\" style=\"margin-bottom: 0px;\" width=\"100%\">\n<tbody>\n<tr>\n<td>Capacidad<\/td>\n<td><\/td>\n<td>\n<div style=\"text-align: right;\">15kg<\/div>\n<\/td>\n<\/tr>\n<\/tbody>\n<\/table>\n<div style=\"border-top: 1px dashed #8d8c8c;\"><\/div>\n<table class=\"egt\" style=\"margin-bottom: 0px;\" width=\"100%\">\n<tbody>\n<tr>\n<td>Material Principal<\/td>\n<td><\/td>\n<td>\n<div style=\"text-align: right;\">Metal<\/div>\n<\/td>\n<\/tr>\n<\/tbody>\n<\/table>\n","protected":false},"featured_media":35932,"comment_status":"open","ping_status":"closed","template":"","meta":[],"product_brand":[],"product_cat":[410,36,16],"product_tag":[59,408,179,27],"class_list":{"0":"post-35926","1":"product","2":"type-product","3":"status-publish","4":"has-post-thumbnail","6":"product_cat-lonuevo","7":"product_cat-coche-baston","8":"product_cat-coches","9":"product_tag-barra-protectora-frontal","10":"product_tag-coche","11":"product_tag-ebaby","12":"product_tag-facil-plegado","14":"first","15":"outofstock","16":"shipping-taxable","17":"product-type-variable"},"yoast_head":"<!-- This site is optimized with the Yoast SEO plugin v27.5 - https:\/\/yoast.com\/product\/yoast-seo-wordpress\/ -->\n<title>Ebaby coche Bast\u00f3n Blum - EB2013- - Ebaby Peru - Compra en web y rec\u00edbelo donde tu quieras<\/title>\n<meta name=\"description\" content=\"En Ebaby encuentras productos para tu beb\u00e9. Conoce todos los modelos de coche, cuna, triciclos, andadores, ba\u00f1eras y m\u00e1s.\" \/>\n<meta name=\"robots\" content=\"index, follow, max-snippet:-1, max-image-preview:large, max-video-preview:-1\" \/>\n<link rel=\"canonical\" href=\"https:\/\/ebabyusa.net\/ebaby-peru\/tienda\/coches\/coche-baston\/ebaby-coche-baston-blum-eb2013\/\" \/>\n<meta property=\"og:locale\" content=\"es_ES\" \/>\n<meta property=\"og:type\" content=\"article\" \/>\n<meta property=\"og:title\" content=\"Ebaby coche Bast\u00f3n Blum - EB2013- - Ebaby Peru - Compra en web y rec\u00edbelo donde tu quieras\" \/>\n<meta property=\"og:description\" content=\"En Ebaby encuentras productos para tu beb\u00e9. Conoce todos los modelos de coche, cuna, triciclos, andadores, ba\u00f1eras y m\u00e1s.\" \/>\n<meta property=\"og:url\" content=\"https:\/\/ebabyusa.net\/ebaby-peru\/tienda\/coches\/coche-baston\/ebaby-coche-baston-blum-eb2013\/\" \/>\n<meta property=\"og:site_name\" content=\"Ebaby Peru\" \/>\n<meta property=\"article:publisher\" content=\"https:\/\/www.facebook.com\/ebabyperu\" \/>\n<meta property=\"article:modified_time\" content=\"2024-02-26T22:09:43+00:00\" \/>\n<meta property=\"og:image\" content=\"https:\/\/ebabyusa.net\/ebaby-peru\/wp-content\/uploads\/2024\/02\/ROSADO-1.jpg\" \/>\n\t<meta property=\"og:image:width\" content=\"1500\" \/>\n\t<meta property=\"og:image:height\" content=\"1500\" \/>\n\t<meta property=\"og:image:type\" content=\"image\/jpeg\" \/>\n<meta name=\"twitter:card\" content=\"summary_large_image\" \/>\n<meta name=\"twitter:label1\" content=\"Tiempo de lectura\" \/>\n\t<meta name=\"twitter:data1\" content=\"2 minutos\" \/>\n<script type=\"application\/ld+json\" class=\"yoast-schema-graph\">{\"@context\":\"https:\\\/\\\/schema.org\",\"@graph\":[{\"@type\":\"WebPage\",\"@id\":\"https:\\\/\\\/ebabyusa.net\\\/ebaby-peru\\\/tienda\\\/coches\\\/coche-baston\\\/ebaby-coche-baston-blum-eb2013\\\/\",\"url\":\"https:\\\/\\\/ebabyusa.net\\\/ebaby-peru\\\/tienda\\\/coches\\\/coche-baston\\\/ebaby-coche-baston-blum-eb2013\\\/\",\"name\":\"Ebaby coche Bast\u00f3n Blum - EB2013- - Ebaby Peru - Compra en web y rec\u00edbelo donde tu quieras\",\"isPartOf\":{\"@id\":\"https:\\\/\\\/ebabyusa.net\\\/ebaby-peru\\\/#website\"},\"primaryImageOfPage\":{\"@id\":\"https:\\\/\\\/ebabyusa.net\\\/ebaby-peru\\\/tienda\\\/coches\\\/coche-baston\\\/ebaby-coche-baston-blum-eb2013\\\/#primaryimage\"},\"image\":{\"@id\":\"https:\\\/\\\/ebabyusa.net\\\/ebaby-peru\\\/tienda\\\/coches\\\/coche-baston\\\/ebaby-coche-baston-blum-eb2013\\\/#primaryimage\"},\"thumbnailUrl\":\"https:\\\/\\\/ebabyusa.net\\\/ebaby-peru\\\/wp-content\\\/uploads\\\/2024\\\/02\\\/ROSADO-1.jpg\",\"datePublished\":\"2024-02-05T14:36:11+00:00\",\"dateModified\":\"2024-02-26T22:09:43+00:00\",\"description\":\"En Ebaby encuentras productos para tu beb\u00e9. Conoce todos los modelos de coche, cuna, triciclos, andadores, ba\u00f1eras y m\u00e1s.\",\"breadcrumb\":{\"@id\":\"https:\\\/\\\/ebabyusa.net\\\/ebaby-peru\\\/tienda\\\/coches\\\/coche-baston\\\/ebaby-coche-baston-blum-eb2013\\\/#breadcrumb\"},\"inLanguage\":\"es\",\"potentialAction\":[{\"@type\":\"ReadAction\",\"target\":[\"https:\\\/\\\/ebabyusa.net\\\/ebaby-peru\\\/tienda\\\/coches\\\/coche-baston\\\/ebaby-coche-baston-blum-eb2013\\\/\"]}]},{\"@type\":\"ImageObject\",\"inLanguage\":\"es\",\"@id\":\"https:\\\/\\\/ebabyusa.net\\\/ebaby-peru\\\/tienda\\\/coches\\\/coche-baston\\\/ebaby-coche-baston-blum-eb2013\\\/#primaryimage\",\"url\":\"https:\\\/\\\/ebabyusa.net\\\/ebaby-peru\\\/wp-content\\\/uploads\\\/2024\\\/02\\\/ROSADO-1.jpg\",\"contentUrl\":\"https:\\\/\\\/ebabyusa.net\\\/ebaby-peru\\\/wp-content\\\/uploads\\\/2024\\\/02\\\/ROSADO-1.jpg\",\"width\":1500,\"height\":1500},{\"@type\":\"BreadcrumbList\",\"@id\":\"https:\\\/\\\/ebabyusa.net\\\/ebaby-peru\\\/tienda\\\/coches\\\/coche-baston\\\/ebaby-coche-baston-blum-eb2013\\\/#breadcrumb\",\"itemListElement\":[{\"@type\":\"ListItem\",\"position\":1,\"name\":\"Portada\",\"item\":\"https:\\\/\\\/ebabyusa.net\\\/ebaby-peru\\\/\"},{\"@type\":\"ListItem\",\"position\":2,\"name\":\"Tienda\",\"item\":\"https:\\\/\\\/ebabyusa.net\\\/ebaby-peru\\\/tienda\\\/\"},{\"@type\":\"ListItem\",\"position\":3,\"name\":\"Ebaby coche Bast\u00f3n Blum &#8211; EB2013\"}]},{\"@type\":\"WebSite\",\"@id\":\"https:\\\/\\\/ebabyusa.net\\\/ebaby-peru\\\/#website\",\"url\":\"https:\\\/\\\/ebabyusa.net\\\/ebaby-peru\\\/\",\"name\":\"Ebaby Peru\",\"description\":\"En Ebaby encuentras productos para tu beb\u00e9. Conoce todos los modelos de coche, cuna, triciclos, andadores, ba\u00f1eras y m\u00e1s.\",\"publisher\":{\"@id\":\"https:\\\/\\\/ebabyusa.net\\\/ebaby-peru\\\/#organization\"},\"potentialAction\":[{\"@type\":\"SearchAction\",\"target\":{\"@type\":\"EntryPoint\",\"urlTemplate\":\"https:\\\/\\\/ebabyusa.net\\\/ebaby-peru\\\/?s={search_term_string}\"},\"query-input\":{\"@type\":\"PropertyValueSpecification\",\"valueRequired\":true,\"valueName\":\"search_term_string\"}}],\"inLanguage\":\"es\"},{\"@type\":\"Organization\",\"@id\":\"https:\\\/\\\/ebabyusa.net\\\/ebaby-peru\\\/#organization\",\"name\":\"Ebaby\",\"url\":\"https:\\\/\\\/ebabyusa.net\\\/ebaby-peru\\\/\",\"logo\":{\"@type\":\"ImageObject\",\"inLanguage\":\"es\",\"@id\":\"https:\\\/\\\/ebabyusa.net\\\/ebaby-peru\\\/#\\\/schema\\\/logo\\\/image\\\/\",\"url\":\"https:\\\/\\\/ebabyusa.net\\\/ebaby-peru\\\/wp-content\\\/uploads\\\/2020\\\/11\\\/cropped-HOME-25.png\",\"contentUrl\":\"https:\\\/\\\/ebabyusa.net\\\/ebaby-peru\\\/wp-content\\\/uploads\\\/2020\\\/11\\\/cropped-HOME-25.png\",\"width\":512,\"height\":512,\"caption\":\"Ebaby\"},\"image\":{\"@id\":\"https:\\\/\\\/ebabyusa.net\\\/ebaby-peru\\\/#\\\/schema\\\/logo\\\/image\\\/\"},\"sameAs\":[\"https:\\\/\\\/www.facebook.com\\\/ebabyperu\",\"https:\\\/\\\/www.instagram.com\\\/ebaby_peru\",\"https:\\\/\\\/www.youtube.com\\\/ebabychannel\"]}]}<\/script>\n<!-- \/ Yoast SEO plugin. -->","yoast_head_json":{"title":"Ebaby coche Bast\u00f3n Blum - EB2013- - Ebaby Peru - Compra en web y rec\u00edbelo donde tu quieras","description":"En Ebaby encuentras productos para tu beb\u00e9. Conoce todos los modelos de coche, cuna, triciclos, andadores, ba\u00f1eras y m\u00e1s.","robots":{"index":"index","follow":"follow","max-snippet":"max-snippet:-1","max-image-preview":"max-image-preview:large","max-video-preview":"max-video-preview:-1"},"canonical":"https:\/\/ebabyusa.net\/ebaby-peru\/tienda\/coches\/coche-baston\/ebaby-coche-baston-blum-eb2013\/","og_locale":"es_ES","og_type":"article","og_title":"Ebaby coche Bast\u00f3n Blum - EB2013- - Ebaby Peru - Compra en web y rec\u00edbelo donde tu quieras","og_description":"En Ebaby encuentras productos para tu beb\u00e9. Conoce todos los modelos de coche, cuna, triciclos, andadores, ba\u00f1eras y m\u00e1s.","og_url":"https:\/\/ebabyusa.net\/ebaby-peru\/tienda\/coches\/coche-baston\/ebaby-coche-baston-blum-eb2013\/","og_site_name":"Ebaby Peru","article_publisher":"https:\/\/www.facebook.com\/ebabyperu","article_modified_time":"2024-02-26T22:09:43+00:00","og_image":[{"width":1500,"height":1500,"url":"https:\/\/ebabyusa.net\/ebaby-peru\/wp-content\/uploads\/2024\/02\/ROSADO-1.jpg","type":"image\/jpeg"}],"twitter_card":"summary_large_image","twitter_misc":{"Tiempo de lectura":"2 minutos"},"schema":{"@context":"https:\/\/schema.org","@graph":[{"@type":"WebPage","@id":"https:\/\/ebabyusa.net\/ebaby-peru\/tienda\/coches\/coche-baston\/ebaby-coche-baston-blum-eb2013\/","url":"https:\/\/ebabyusa.net\/ebaby-peru\/tienda\/coches\/coche-baston\/ebaby-coche-baston-blum-eb2013\/","name":"Ebaby coche Bast\u00f3n Blum - EB2013- - Ebaby Peru - Compra en web y rec\u00edbelo donde tu quieras","isPartOf":{"@id":"https:\/\/ebabyusa.net\/ebaby-peru\/#website"},"primaryImageOfPage":{"@id":"https:\/\/ebabyusa.net\/ebaby-peru\/tienda\/coches\/coche-baston\/ebaby-coche-baston-blum-eb2013\/#primaryimage"},"image":{"@id":"https:\/\/ebabyusa.net\/ebaby-peru\/tienda\/coches\/coche-baston\/ebaby-coche-baston-blum-eb2013\/#primaryimage"},"thumbnailUrl":"https:\/\/ebabyusa.net\/ebaby-peru\/wp-content\/uploads\/2024\/02\/ROSADO-1.jpg","datePublished":"2024-02-05T14:36:11+00:00","dateModified":"2024-02-26T22:09:43+00:00","description":"En Ebaby encuentras productos para tu beb\u00e9. Conoce todos los modelos de coche, cuna, triciclos, andadores, ba\u00f1eras y m\u00e1s.","breadcrumb":{"@id":"https:\/\/ebabyusa.net\/ebaby-peru\/tienda\/coches\/coche-baston\/ebaby-coche-baston-blum-eb2013\/#breadcrumb"},"inLanguage":"es","potentialAction":[{"@type":"ReadAction","target":["https:\/\/ebabyusa.net\/ebaby-peru\/tienda\/coches\/coche-baston\/ebaby-coche-baston-blum-eb2013\/"]}]},{"@type":"ImageObject","inLanguage":"es","@id":"https:\/\/ebabyusa.net\/ebaby-peru\/tienda\/coches\/coche-baston\/ebaby-coche-baston-blum-eb2013\/#primaryimage","url":"https:\/\/ebabyusa.net\/ebaby-peru\/wp-content\/uploads\/2024\/02\/ROSADO-1.jpg","contentUrl":"https:\/\/ebabyusa.net\/ebaby-peru\/wp-content\/uploads\/2024\/02\/ROSADO-1.jpg","width":1500,"height":1500},{"@type":"BreadcrumbList","@id":"https:\/\/ebabyusa.net\/ebaby-peru\/tienda\/coches\/coche-baston\/ebaby-coche-baston-blum-eb2013\/#breadcrumb","itemListElement":[{"@type":"ListItem","position":1,"name":"Portada","item":"https:\/\/ebabyusa.net\/ebaby-peru\/"},{"@type":"ListItem","position":2,"name":"Tienda","item":"https:\/\/ebabyusa.net\/ebaby-peru\/tienda\/"},{"@type":"ListItem","position":3,"name":"Ebaby coche Bast\u00f3n Blum &#8211; EB2013"}]},{"@type":"WebSite","@id":"https:\/\/ebabyusa.net\/ebaby-peru\/#website","url":"https:\/\/ebabyusa.net\/ebaby-peru\/","name":"Ebaby Peru","description":"En Ebaby encuentras productos para tu beb\u00e9. Conoce todos los modelos de coche, cuna, triciclos, andadores, ba\u00f1eras y m\u00e1s.","publisher":{"@id":"https:\/\/ebabyusa.net\/ebaby-peru\/#organization"},"potentialAction":[{"@type":"SearchAction","target":{"@type":"EntryPoint","urlTemplate":"https:\/\/ebabyusa.net\/ebaby-peru\/?s={search_term_string}"},"query-input":{"@type":"PropertyValueSpecification","valueRequired":true,"valueName":"search_term_string"}}],"inLanguage":"es"},{"@type":"Organization","@id":"https:\/\/ebabyusa.net\/ebaby-peru\/#organization","name":"Ebaby","url":"https:\/\/ebabyusa.net\/ebaby-peru\/","logo":{"@type":"ImageObject","inLanguage":"es","@id":"https:\/\/ebabyusa.net\/ebaby-peru\/#\/schema\/logo\/image\/","url":"https:\/\/ebabyusa.net\/ebaby-peru\/wp-content\/uploads\/2020\/11\/cropped-HOME-25.png","contentUrl":"https:\/\/ebabyusa.net\/ebaby-peru\/wp-content\/uploads\/2020\/11\/cropped-HOME-25.png","width":512,"height":512,"caption":"Ebaby"},"image":{"@id":"https:\/\/ebabyusa.net\/ebaby-peru\/#\/schema\/logo\/image\/"},"sameAs":["https:\/\/www.facebook.com\/ebabyperu","https:\/\/www.instagram.com\/ebaby_peru","https:\/\/www.youtube.com\/ebabychannel"]}]}},"_links":{"self":[{"href":"https:\/\/ebabyusa.net\/ebaby-peru\/wp-json\/wp\/v2\/product\/35926","targetHints":{"allow":["GET"]}}],"collection":[{"href":"https:\/\/ebabyusa.net\/ebaby-peru\/wp-json\/wp\/v2\/product"}],"about":[{"href":"https:\/\/ebabyusa.net\/ebaby-peru\/wp-json\/wp\/v2\/types\/product"}],"replies":[{"embeddable":true,"href":"https:\/\/ebabyusa.net\/ebaby-peru\/wp-json\/wp\/v2\/comments?post=35926"}],"version-history":[{"count":2,"href":"https:\/\/ebabyusa.net\/ebaby-peru\/wp-json\/wp\/v2\/product\/35926\/revisions"}],"predecessor-version":[{"id":35988,"href":"https:\/\/ebabyusa.net\/ebaby-peru\/wp-json\/wp\/v2\/product\/35926\/revisions\/35988"}],"wp:featuredmedia":[{"embeddable":true,"href":"https:\/\/ebabyusa.net\/ebaby-peru\/wp-json\/wp\/v2\/media\/35932"}],"wp:attachment":[{"href":"https:\/\/ebabyusa.net\/ebaby-peru\/wp-json\/wp\/v2\/media?parent=35926"}],"wp:term":[{"taxonomy":"product_brand","embeddable":true,"href":"https:\/\/ebabyusa.net\/ebaby-peru\/wp-json\/wp\/v2\/product_brand?post=35926"},{"taxonomy":"product_cat","embeddable":true,"href":"https:\/\/ebabyusa.net\/ebaby-peru\/wp-json\/wp\/v2\/product_cat?post=35926"},{"taxonomy":"product_tag","embeddable":true,"href":"https:\/\/ebabyusa.net\/ebaby-peru\/wp-json\/wp\/v2\/product_tag?post=35926"}],"curies":[{"name":"wp","href":"https:\/\/api.w.org\/{rel}","templated":true}]}}